{"id":89,"date":"2023-03-22T13:03:16","date_gmt":"2023-03-22T12:03:16","guid":{"rendered":"https:\/\/tonlek.dev.rumforum.se\/se\/?page_id=89"},"modified":"2025-12-14T21:33:35","modified_gmt":"2025-12-14T20:33:35","slug":"tonlek","status":"publish","type":"page","link":"https:\/\/www.tonlek.org\/se\/tonlek\/","title":{"rendered":"T\u00f3nlek 2026"},"content":{"rendered":"\n<p>2026 h\u00e5lls l\u00e4gret p\u00e5 Lunnevads folkh\u00f6gskola utanf\u00f6r Link\u00f6ping, i Sverige den 2-8 augusti. Precis som f\u00f6rra \u00e5ret har vi en dirigent av h\u00f6gsta klass p\u00e5 plats och repertoaren f\u00f6r alla orkestrar b\u00f6rjar ta form. Allt \u00e4r upplagt f\u00f6r ett fantastiskt l\u00e4ger!&nbsp;<\/p>\n\n\n\n<p>Anm\u00e4lan till T\u00f3nlek 2026 \u00e4r \u00f6ppen!<\/p>\n\n\n\n<div class=\"wp-block-buttons is-layout-flex wp-block-buttons-is-layout-flex\">\n<div class=\"wp-block-button\"><a class=\"wp-block-button__link has-neve-text-color-color has-text-color has-background has-link-color wp-element-button\" href=\"https:\/\/forms.gle\/GEjmiRpYD4Aw9aW6A\" style=\"background-color:#c7e1f5\" target=\"_blank\" rel=\"noreferrer noopener\">Klicka h\u00e4r f\u00f6r att anm\u00e4la dig till T\u00f3nlek 2026<\/a><\/div>\n<\/div>\n\n\n\n<div style=\"height:40px\" aria-hidden=\"true\" class=\"wp-block-spacer\"><\/div>\n\n\n\n<div class=\"wp-block-columns is-layout-flex wp-container-core-columns-is-layout-9d6595d7 wp-block-columns-is-layout-flex\">\n<div class=\"wp-block-column is-layout-flow wp-block-column-is-layout-flow\"><div class=\"wp-block-image\">\n<figure class=\"aligncenter size-large\"><img loading=\"lazy\" decoding=\"async\" width=\"1024\" height=\"683\" src=\"https:\/\/tonlek.org\/se\/wp-content\/uploads\/sites\/2\/2023\/03\/FC63F800-8B1E-41D1-A848-4D9A83598F4B-1024x683.jpeg\" alt=\"\" class=\"wp-image-43\" srcset=\"https:\/\/www.tonlek.org\/se\/wp-content\/uploads\/sites\/2\/2023\/03\/FC63F800-8B1E-41D1-A848-4D9A83598F4B-1024x683.jpeg 1024w, https:\/\/www.tonlek.org\/se\/wp-content\/uploads\/sites\/2\/2023\/03\/FC63F800-8B1E-41D1-A848-4D9A83598F4B-300x200.jpeg 300w, https:\/\/www.tonlek.org\/se\/wp-content\/uploads\/sites\/2\/2023\/03\/FC63F800-8B1E-41D1-A848-4D9A83598F4B-768x512.jpeg 768w, https:\/\/www.tonlek.org\/se\/wp-content\/uploads\/sites\/2\/2023\/03\/FC63F800-8B1E-41D1-A848-4D9A83598F4B-1536x1024.jpeg 1536w, https:\/\/www.tonlek.org\/se\/wp-content\/uploads\/sites\/2\/2023\/03\/FC63F800-8B1E-41D1-A848-4D9A83598F4B-2048x1366.jpeg 2048w, https:\/\/www.tonlek.org\/se\/wp-content\/uploads\/sites\/2\/2023\/03\/FC63F800-8B1E-41D1-A848-4D9A83598F4B-930x620.jpeg 930w\" sizes=\"auto, (max-width: 1024px) 100vw, 1024px\" \/><\/figure>\n<\/div>\n\n\n<div style=\"height:15px\" aria-hidden=\"true\" class=\"wp-block-spacer\"><\/div>\n\n\n\n<h4 class=\"wp-block-heading has-text-align-center\"><a href=\"https:\/\/www.tonlek.org\/se\/dirigent-och-pedagoger\/\">Dirigent och pedagoger<\/a><\/h4>\n\n\n\n<p>H\u00e4r nedan kan du l\u00e4sa mer om v\u00e5r dirigent och alla l\u00e4rare p\u00e5 T\u00f3nlek.<\/p>\n<\/div>\n\n\n\n<div class=\"wp-block-column is-layout-flow wp-block-column-is-layout-flow\"><div class=\"wp-block-image\">\n<figure class=\"aligncenter size-large\"><img loading=\"lazy\" decoding=\"async\" width=\"1024\" height=\"683\" src=\"https:\/\/tonlek.org\/se\/wp-content\/uploads\/sites\/2\/2023\/03\/632346A9-4E6D-420E-B70D-C88BF370977D-1024x683.jpeg\" alt=\"\" class=\"wp-image-64\" srcset=\"https:\/\/www.tonlek.org\/se\/wp-content\/uploads\/sites\/2\/2023\/03\/632346A9-4E6D-420E-B70D-C88BF370977D-1024x683.jpeg 1024w, https:\/\/www.tonlek.org\/se\/wp-content\/uploads\/sites\/2\/2023\/03\/632346A9-4E6D-420E-B70D-C88BF370977D-300x200.jpeg 300w, https:\/\/www.tonlek.org\/se\/wp-content\/uploads\/sites\/2\/2023\/03\/632346A9-4E6D-420E-B70D-C88BF370977D-768x512.jpeg 768w, https:\/\/www.tonlek.org\/se\/wp-content\/uploads\/sites\/2\/2023\/03\/632346A9-4E6D-420E-B70D-C88BF370977D-1536x1024.jpeg 1536w, https:\/\/www.tonlek.org\/se\/wp-content\/uploads\/sites\/2\/2023\/03\/632346A9-4E6D-420E-B70D-C88BF370977D-2048x1366.jpeg 2048w, https:\/\/www.tonlek.org\/se\/wp-content\/uploads\/sites\/2\/2023\/03\/632346A9-4E6D-420E-B70D-C88BF370977D-930x620.jpeg 930w\" sizes=\"auto, (max-width: 1024px) 100vw, 1024px\" \/><\/figure>\n<\/div>\n\n\n<div style=\"height:15px\" aria-hidden=\"true\" class=\"wp-block-spacer\"><\/div>\n\n\n\n<h4 class=\"wp-block-heading has-text-align-center\"><a href=\"https:\/\/www.tonlek.org\/se\/repertoar\">Repertoar och noter<\/a><\/h4>\n\n\n\n<p>H\u00e4r hittar du bruttorepertoaren f\u00f6r alla orkestrar tillsammans med noter och l\u00e4nkar till ljud. <\/p>\n<\/div>\n\n\n\n<div class=\"wp-block-column is-layout-flow wp-block-column-is-layout-flow\"><div class=\"wp-block-image\">\n<figure class=\"aligncenter size-large\"><img loading=\"lazy\" decoding=\"async\" width=\"1024\" height=\"683\" src=\"https:\/\/tonlek.org\/se\/wp-content\/uploads\/sites\/2\/2023\/03\/D43B6977-344D-4320-90E1-2394559F0239-1024x683.jpeg\" alt=\"\" class=\"wp-image-62\" srcset=\"https:\/\/www.tonlek.org\/se\/wp-content\/uploads\/sites\/2\/2023\/03\/D43B6977-344D-4320-90E1-2394559F0239-1024x683.jpeg 1024w, https:\/\/www.tonlek.org\/se\/wp-content\/uploads\/sites\/2\/2023\/03\/D43B6977-344D-4320-90E1-2394559F0239-300x200.jpeg 300w, https:\/\/www.tonlek.org\/se\/wp-content\/uploads\/sites\/2\/2023\/03\/D43B6977-344D-4320-90E1-2394559F0239-768x512.jpeg 768w, https:\/\/www.tonlek.org\/se\/wp-content\/uploads\/sites\/2\/2023\/03\/D43B6977-344D-4320-90E1-2394559F0239-1536x1024.jpeg 1536w, https:\/\/www.tonlek.org\/se\/wp-content\/uploads\/sites\/2\/2023\/03\/D43B6977-344D-4320-90E1-2394559F0239-2048x1366.jpeg 2048w, https:\/\/www.tonlek.org\/se\/wp-content\/uploads\/sites\/2\/2023\/03\/D43B6977-344D-4320-90E1-2394559F0239-930x620.jpeg 930w\" sizes=\"auto, (max-width: 1024px) 100vw, 1024px\" \/><\/figure>\n<\/div>\n\n\n<div style=\"height:15px\" aria-hidden=\"true\" class=\"wp-block-spacer\"><\/div>\n\n\n\n<h4 class=\"wp-block-heading has-text-align-center\"><a href=\"https:\/\/www.tonlek.org\/se\/praktisk-information\/\">Praktisk information<\/a><\/h4>\n\n\n\n<p>Allt om saker som anm\u00e4lan, plats, tid, boende, mat och kostnader. <\/p>\n<\/div>\n<\/div>\n\n\n\n<p><\/p>\n\n\n\n<p><\/p>\n","protected":false},"excerpt":{"rendered":"<p>2026 h\u00e5lls l\u00e4gret p\u00e5 Lunnevads folkh\u00f6gskola utanf\u00f6r Link\u00f6ping, i Sverige den 2-8 augusti. Precis som f\u00f6rra \u00e5ret har vi en dirigent av h\u00f6gsta klass p\u00e5 plats och repertoaren f\u00f6r alla orkestrar b\u00f6rjar ta form. Allt \u00e4r upplagt f\u00f6r ett fantastiskt l\u00e4ger!&nbsp; Anm\u00e4lan till T\u00f3nlek 2026 \u00e4r \u00f6ppen! Dirigent och pedagoger H\u00e4r nedan kan du l\u00e4sa&hellip;&nbsp;<a href=\"https:\/\/www.tonlek.org\/se\/tonlek\/\" rel=\"bookmark\"><span class=\"screen-reader-text\">T\u00f3nlek 2026<\/span><\/a><\/p>\n","protected":false},"author":2,"featured_media":0,"parent":0,"menu_order":0,"comment_status":"closed","ping_status":"closed","template":"","meta":{"inline_featured_image":false,"neve_meta_sidebar":"","neve_meta_container":"","neve_meta_enable_content_width":"","neve_meta_content_width":0,"neve_meta_title_alignment":"","neve_meta_author_avatar":"","neve_post_elements_order":"","neve_meta_disable_header":"","neve_meta_disable_footer":"on","neve_meta_disable_title":"","footnotes":""},"class_list":["post-89","page","type-page","status-publish","hentry"],"_links":{"self":[{"href":"https:\/\/www.tonlek.org\/se\/wp-json\/wp\/v2\/pages\/89","targetHints":{"allow":["GET"]}}],"collection":[{"href":"https:\/\/www.tonlek.org\/se\/wp-json\/wp\/v2\/pages"}],"about":[{"href":"https:\/\/www.tonlek.org\/se\/wp-json\/wp\/v2\/types\/page"}],"author":[{"embeddable":true,"href":"https:\/\/www.tonlek.org\/se\/wp-json\/wp\/v2\/users\/2"}],"replies":[{"embeddable":true,"href":"https:\/\/www.tonlek.org\/se\/wp-json\/wp\/v2\/comments?post=89"}],"version-history":[{"count":40,"href":"https:\/\/www.tonlek.org\/se\/wp-json\/wp\/v2\/pages\/89\/revisions"}],"predecessor-version":[{"id":805,"href":"https:\/\/www.tonlek.org\/se\/wp-json\/wp\/v2\/pages\/89\/revisions\/805"}],"wp:attachment":[{"href":"https:\/\/www.tonlek.org\/se\/wp-json\/wp\/v2\/media?parent=89"}],"curies":[{"name":"wp","href":"https:\/\/api.w.org\/{rel}","templated":true}]}}