{"id":730,"date":"2025-10-06T11:58:53","date_gmt":"2025-10-06T09:58:53","guid":{"rendered":"https:\/\/www.tonlek.org\/se\/?page_id=730"},"modified":"2025-11-19T15:10:56","modified_gmt":"2025-11-19T14:10:56","slug":"repertoar-2025","status":"publish","type":"page","link":"https:\/\/www.tonlek.org\/se\/om-tonlek\/tidigare-ar\/repertoar-2025\/","title":{"rendered":"Repertoar 2025"},"content":{"rendered":"\n<div class=\"wp-block-columns is-layout-flex wp-container-core-columns-is-layout-9d6595d7 wp-block-columns-is-layout-flex\">\n<div class=\"wp-block-column is-layout-flow wp-block-column-is-layout-flow\">\n<h4 class=\"wp-block-heading\"><strong>Juniororkester<\/strong>n<\/h4>\n\n\n\n<p>Stycken f\u00f6r v\u00e5ra yngsta deltagare.<\/p>\n\n\n\n<p><strong>Charpentiers: \u201cTe Deum\u201d<\/strong><\/p>\n\n\n\n<p><strong>Telemann: \u201cSinfonia I a mol\u201d<\/strong><\/p>\n\n\n\n<p><a href=\"https:\/\/www.youtube.com\/watch?v=G_55dAQvOjE&amp;ab_channel=KjosMusicPublishing\">Ljud Telemann: \u201cSinfonia I a mol\u201d<\/a><\/p>\n\n\n\n<p><strong>Uropf\u00f8relse<\/strong> <strong>Af Nicklas Schmidt<\/strong><\/p>\n\n\n\n<p><\/p>\n<\/div>\n\n\n\n<div class=\"wp-block-column is-layout-flow wp-block-column-is-layout-flow\">\n<h4 class=\"wp-block-heading\"><strong>Camerata<\/strong><\/h4>\n\n\n\n<p>Stycken f\u00f6r Camerata, T\u00f3nleks st\u00f6rsta orkester.<\/p>\n\n\n\n<p><strong>Haydn . Andante Adagio from Symphony no. 6 &#8221;Le Matin<\/strong>&#8221;<\/p>\n\n\n\n<p><strong>John Dowland Dance Suite (NYSO 2024)<\/strong><\/p>\n\n\n\n<p><a href=\"https:\/\/www.youtube.com\/watch?v=1uYk0tRlvME&amp;ab_channel=Rodders\" target=\"_blank\" rel=\"noreferrer noopener\">Ljud John Dowland: Dance Suite<\/a><\/p>\n\n\n\n<p><strong>Sibelius: Andante Festivo<\/strong><\/p>\n\n\n\n<p><a href=\"https:\/\/www.youtube.com\/watch?v=Rf8HTPb0PyA&amp;ab_channel=AbrahamGonz%C3%A1lez\" target=\"_blank\" rel=\"noreferrer noopener\">Ljud Sibelius: Andante Festivo<\/a><\/p>\n\n\n\n<p><strong>Sibelius: Impromptu op. 5<\/strong><\/p>\n\n\n\n<p><a href=\"https:\/\/www.youtube.com\/watch?v=3x0r69SuW0Y&amp;ab_channel=AltoClef\" target=\"_blank\" rel=\"noreferrer noopener\">Ljud Sibelius: Impromptu op. 5<\/a><\/p>\n\n\n\n<p><strong><strong>Uruppf\u00f6rande<\/strong><\/strong> <strong><strong>av Nicklas Schmidt<\/strong><\/strong><\/p>\n<\/div>\n\n\n\n<div class=\"wp-block-column is-layout-flow wp-block-column-is-layout-flow\">\n<h4 class=\"wp-block-heading\"><strong>Seniororkester<\/strong>n<\/h4>\n\n\n\n<p>Mer kr\u00e4vande stycken f\u00f6r v\u00e5ra \u00e4ldsta deltagare. <\/p>\n\n\n\n<p><strong>Dvorak String Serenade I E dur op.22, 1. og 2. sats<\/strong><\/p>\n\n\n\n<p><a href=\"https:\/\/www.youtube.com\/watch?v=x4IxykTK_yg&amp;ab_channel=Tonhalle-OrchesterZ%C3%BCrich\" data-type=\"link\" data-id=\"https:\/\/www.youtube.com\/watch?v=x4IxykTK_yg&amp;ab_channel=Tonhalle-OrchesterZ%C3%BCrich\" target=\"_blank\" rel=\"noreferrer noopener\">Ljud Dvorak Strygerserenade opus 22<\/a><\/p>\n\n\n\n<p><strong>Haydn : 7 last words, satsen \u201cTerremoto\u201d<\/strong><\/p>\n\n\n\n<p><a href=\"https:\/\/www.dr.dk\/om-dr\/nyheder\/det-er-lidt-af-en-droem-saette-praeg-paa-et-helt-julekalenderunivers\" target=\"_blank\" rel=\"noreferrer noopener\">Ljud Haydn: Fra 7 Last Words: Terre Moto<\/a><\/p>\n\n\n\n<p><strong><strong>Uropf\u00f8relse<\/strong> <strong>Af Nicklas Schmidt<\/strong><\/strong><\/p>\n\n\n\n<p><\/p>\n\n\n\n<p><\/p>\n<\/div>\n<\/div>\n\n\n\n<p><\/p>\n\n\n\n<div style=\"height:34px\" aria-hidden=\"true\" class=\"wp-block-spacer\"><\/div>\n","protected":false},"excerpt":{"rendered":"<p>Juniororkestern Stycken f\u00f6r v\u00e5ra yngsta deltagare. Charpentiers: \u201cTe Deum\u201d Telemann: \u201cSinfonia I a mol\u201d Ljud Telemann: \u201cSinfonia I a mol\u201d Uropf\u00f8relse Af Nicklas Schmidt Camerata Stycken f\u00f6r Camerata, T\u00f3nleks st\u00f6rsta orkester. Haydn . Andante Adagio from Symphony no. 6 &#8221;Le Matin&#8221; John Dowland Dance Suite (NYSO 2024) Ljud John Dowland: Dance Suite Sibelius: Andante Festivo&hellip;&nbsp;<a href=\"https:\/\/www.tonlek.org\/se\/om-tonlek\/tidigare-ar\/repertoar-2025\/\" rel=\"bookmark\"><span class=\"screen-reader-text\">Repertoar 2025<\/span><\/a><\/p>\n","protected":false},"author":2,"featured_media":0,"parent":664,"menu_order":0,"comment_status":"closed","ping_status":"closed","template":"","meta":{"inline_featured_image":false,"neve_meta_sidebar":"","neve_meta_container":"","neve_meta_enable_content_width":"","neve_meta_content_width":0,"neve_meta_title_alignment":"","neve_meta_author_avatar":"","neve_post_elements_order":"","neve_meta_disable_header":"","neve_meta_disable_footer":"","neve_meta_disable_title":"","footnotes":""},"class_list":["post-730","page","type-page","status-publish","hentry"],"_links":{"self":[{"href":"https:\/\/www.tonlek.org\/se\/wp-json\/wp\/v2\/pages\/730","targetHints":{"allow":["GET"]}}],"collection":[{"href":"https:\/\/www.tonlek.org\/se\/wp-json\/wp\/v2\/pages"}],"about":[{"href":"https:\/\/www.tonlek.org\/se\/wp-json\/wp\/v2\/types\/page"}],"author":[{"embeddable":true,"href":"https:\/\/www.tonlek.org\/se\/wp-json\/wp\/v2\/users\/2"}],"replies":[{"embeddable":true,"href":"https:\/\/www.tonlek.org\/se\/wp-json\/wp\/v2\/comments?post=730"}],"version-history":[{"count":2,"href":"https:\/\/www.tonlek.org\/se\/wp-json\/wp\/v2\/pages\/730\/revisions"}],"predecessor-version":[{"id":733,"href":"https:\/\/www.tonlek.org\/se\/wp-json\/wp\/v2\/pages\/730\/revisions\/733"}],"up":[{"embeddable":true,"href":"https:\/\/www.tonlek.org\/se\/wp-json\/wp\/v2\/pages\/664"}],"wp:attachment":[{"href":"https:\/\/www.tonlek.org\/se\/wp-json\/wp\/v2\/media?parent=730"}],"curies":[{"name":"wp","href":"https:\/\/api.w.org\/{rel}","templated":true}]}}