{"id":702,"date":"2024-12-09T14:30:52","date_gmt":"2024-12-09T13:30:52","guid":{"rendered":"https:\/\/www.tonlek.org\/se\/?page_id=702"},"modified":"2024-12-09T14:40:10","modified_gmt":"2024-12-09T13:40:10","slug":"forskning-och-samarbete","status":"publish","type":"page","link":"https:\/\/www.tonlek.org\/se\/forskning-och-samarbete\/","title":{"rendered":"Forskning och samarbete"},"content":{"rendered":"\n<p>Forskarna och antropologerna Hanne Bess Boelsbjerg och Morten Bo Larsen fr\u00e5n Aarhus universitet har genom intervjuer unders\u00f6kt hur barn och ungdomar, \u00e4ven de med s\u00e4rskilda behov, kan v\u00e4xa i musiken och bli en del av en gemenskap. Detta har kunnat g\u00f6ras tack vare st\u00f6d ifr\u00e5n Clara Lachmanns Stiftelse.<\/p>\n\n\n\n<p>Den h\u00e4r filmen \u00e4r ett del av resultatet av studien.<\/p>\n\n\n\n<figure class=\"wp-block-embed is-type-video is-provider-youtube wp-block-embed-youtube wp-embed-aspect-16-9 wp-has-aspect-ratio\"><div class=\"wp-block-embed__wrapper\">\n<div class=\"nv-iframe-embed\"><iframe loading=\"lazy\" title=\"To\u0301nlek \u2013 At vokse i musikken\" width=\"1200\" height=\"675\" src=\"https:\/\/www.youtube.com\/embed\/pu2plWLLces?feature=oembed\" frameborder=\"0\" allow=\"accelerometer; autoplay; clipboard-write; encrypted-media; gyroscope; picture-in-picture; web-share\" referrerpolicy=\"strict-origin-when-cross-origin\" allowfullscreen><\/iframe><\/div>\n<\/div><\/figure>\n\n\n\n<p>I den h\u00e4r <a href=\"https:\/\/www.tonlek.org\/se\/wp-content\/uploads\/sites\/2\/2024\/12\/At-vokse-i-Musikken-Tonlek.pdf\" target=\"_blank\" rel=\"noreferrer noopener\">rapporten <\/a>kan du l\u00e4sa om studien. Vi vill ge unga m\u00e4nniskor de b\u00e4sta m\u00f6jligheterna att v\u00e4xa inom musiken och komma samman i en gemenskap \u00f6ver spr\u00e5k-, kultur-, \u00e5lders- och sociala barri\u00e4rer. Det \u00e4r d\u00e4rf\u00f6r vi samarbetar med forskare f\u00f6r att l\u00e4ra oss mer om vad musik g\u00f6r och hur vi kan anv\u00e4nda musik f\u00f6r att n\u00e5 varandra.<\/p>\n","protected":false},"excerpt":{"rendered":"<p>Forskarna och antropologerna Hanne Bess Boelsbjerg och Morten Bo Larsen fr\u00e5n Aarhus universitet har genom intervjuer unders\u00f6kt hur barn och ungdomar, \u00e4ven de med s\u00e4rskilda behov, kan v\u00e4xa i musiken och bli en del av en gemenskap. Detta har kunnat g\u00f6ras tack vare st\u00f6d ifr\u00e5n Clara Lachmanns Stiftelse. Den h\u00e4r filmen \u00e4r ett del av&hellip;&nbsp;<a href=\"https:\/\/www.tonlek.org\/se\/forskning-och-samarbete\/\" rel=\"bookmark\"><span class=\"screen-reader-text\">Forskning och samarbete<\/span><\/a><\/p>\n","protected":false},"author":2,"featured_media":0,"parent":0,"menu_order":0,"comment_status":"closed","ping_status":"closed","template":"","meta":{"inline_featured_image":false,"neve_meta_sidebar":"","neve_meta_container":"","neve_meta_enable_content_width":"","neve_meta_content_width":0,"neve_meta_title_alignment":"","neve_meta_author_avatar":"","neve_post_elements_order":"","neve_meta_disable_header":"","neve_meta_disable_footer":"","neve_meta_disable_title":"","footnotes":""},"class_list":["post-702","page","type-page","status-publish","hentry"],"_links":{"self":[{"href":"https:\/\/www.tonlek.org\/se\/wp-json\/wp\/v2\/pages\/702","targetHints":{"allow":["GET"]}}],"collection":[{"href":"https:\/\/www.tonlek.org\/se\/wp-json\/wp\/v2\/pages"}],"about":[{"href":"https:\/\/www.tonlek.org\/se\/wp-json\/wp\/v2\/types\/page"}],"author":[{"embeddable":true,"href":"https:\/\/www.tonlek.org\/se\/wp-json\/wp\/v2\/users\/2"}],"replies":[{"embeddable":true,"href":"https:\/\/www.tonlek.org\/se\/wp-json\/wp\/v2\/comments?post=702"}],"version-history":[{"count":2,"href":"https:\/\/www.tonlek.org\/se\/wp-json\/wp\/v2\/pages\/702\/revisions"}],"predecessor-version":[{"id":706,"href":"https:\/\/www.tonlek.org\/se\/wp-json\/wp\/v2\/pages\/702\/revisions\/706"}],"wp:attachment":[{"href":"https:\/\/www.tonlek.org\/se\/wp-json\/wp\/v2\/media?parent=702"}],"curies":[{"name":"wp","href":"https:\/\/api.w.org\/{rel}","templated":true}]}}