{"id":26,"date":"2023-02-08T20:59:00","date_gmt":"2023-02-08T19:59:00","guid":{"rendered":"https:\/\/tonlek.dev.rumforum.se\/se\/?page_id=26"},"modified":"2024-09-20T22:06:27","modified_gmt":"2024-09-20T20:06:27","slug":"tonlekstinget","status":"publish","type":"page","link":"https:\/\/www.tonlek.org\/se\/om-tonlek\/tonlekstinget\/","title":{"rendered":"T\u00f3nlekstinget"},"content":{"rendered":"\n<p>T\u00f3nlekstinget \u00e4r forumet f\u00f6r dig som vill ha inflytande \u00f6ver kursen och aktiviteterna. Du anm\u00e4ler dig till T\u00f3nlekstinget n\u00e4r du anm\u00e4ler dig till kursen.<\/p>\n\n\n\n<p>I T\u00f3nlekstinget kan du ge f\u00f6rslag till orkestrarnas repertoar, f\u00f6resl\u00e5 aktiviteter utanf\u00f6r det fasta programmet, ta ansvar f\u00f6r folkmusikkv\u00e4llar och Crazy Night. Du kommer \u00e4ven att kunna hj\u00e4lpa till att sprida kunskap om T\u00f3nlek och vara med och p\u00e5verka v\u00e5r marknadsf\u00f6ring. H\u00e4r \u00e4r alla dina id\u00e9er inom alla omr\u00e5den v\u00e4lkomna. <\/p>\n\n\n\n<p>T\u00f3nlekstinget kommer att vara elevernas r\u00f6st \u00e4ven inf\u00f6r kursen, h\u00e5ll utkik p\u00e5 mejlen om du anm\u00e4lt dig!<\/p>\n\n\n\n<div style=\"height:27px\" aria-hidden=\"true\" class=\"wp-block-spacer\"><\/div>\n\n\n\n<div class=\"wp-block-columns is-layout-flex wp-container-core-columns-is-layout-9d6595d7 wp-block-columns-is-layout-flex\">\n<div class=\"wp-block-column is-layout-flow wp-block-column-is-layout-flow\">\n<figure class=\"wp-block-image size-large\"><a href=\"https:\/\/www.tonlek.org\/se\/om-tonlek\/\"><img loading=\"lazy\" decoding=\"async\" width=\"1024\" height=\"683\" src=\"https:\/\/www.tonlek.org\/se\/wp-content\/uploads\/sites\/2\/2023\/03\/A718DDFC-26B3-46BB-95F8-BEEE183DA650-1024x683.jpeg\" alt=\"\" class=\"wp-image-56\" srcset=\"https:\/\/www.tonlek.org\/se\/wp-content\/uploads\/sites\/2\/2023\/03\/A718DDFC-26B3-46BB-95F8-BEEE183DA650-1024x683.jpeg 1024w, https:\/\/www.tonlek.org\/se\/wp-content\/uploads\/sites\/2\/2023\/03\/A718DDFC-26B3-46BB-95F8-BEEE183DA650-300x200.jpeg 300w, https:\/\/www.tonlek.org\/se\/wp-content\/uploads\/sites\/2\/2023\/03\/A718DDFC-26B3-46BB-95F8-BEEE183DA650-768x512.jpeg 768w, https:\/\/www.tonlek.org\/se\/wp-content\/uploads\/sites\/2\/2023\/03\/A718DDFC-26B3-46BB-95F8-BEEE183DA650-1536x1024.jpeg 1536w, https:\/\/www.tonlek.org\/se\/wp-content\/uploads\/sites\/2\/2023\/03\/A718DDFC-26B3-46BB-95F8-BEEE183DA650-2048x1365.jpeg 2048w, https:\/\/www.tonlek.org\/se\/wp-content\/uploads\/sites\/2\/2023\/03\/A718DDFC-26B3-46BB-95F8-BEEE183DA650-930x620.jpeg 930w\" sizes=\"auto, (max-width: 1024px) 100vw, 1024px\" \/><\/a><\/figure>\n\n\n\n<div style=\"height:15px\" aria-hidden=\"true\" class=\"wp-block-spacer\"><\/div>\n\n\n\n<h4 class=\"wp-block-heading has-text-align-center\"><a href=\"https:\/\/www.tonlek.org\/se\/om-tonlek\/\">Om T\u00f3nlek<\/a><\/h4>\n\n\n\n<p>T\u00f3nlek&nbsp;\u00e4r en m\u00f6tesplats f\u00f6r unga str\u00e5kinstrumentalisterfr\u00e5n hela Norden, f\u00f6r musiker och pedagoger samt f\u00f6r musikf\u00f6rbund av olika slag.<\/p>\n<\/div>\n\n\n\n<div class=\"wp-block-column is-layout-flow wp-block-column-is-layout-flow\">\n<figure class=\"wp-block-image size-large\"><a href=\"https:\/\/www.tonlek.org\/se\/historien-bakom-tonlek\/\"><img loading=\"lazy\" decoding=\"async\" width=\"1024\" height=\"683\" src=\"https:\/\/www.tonlek.org\/se\/wp-content\/uploads\/sites\/2\/2023\/03\/632346A9-4E6D-420E-B70D-C88BF370977D-1024x683.jpeg\" alt=\"\" class=\"wp-image-64\" srcset=\"https:\/\/www.tonlek.org\/se\/wp-content\/uploads\/sites\/2\/2023\/03\/632346A9-4E6D-420E-B70D-C88BF370977D-1024x683.jpeg 1024w, https:\/\/www.tonlek.org\/se\/wp-content\/uploads\/sites\/2\/2023\/03\/632346A9-4E6D-420E-B70D-C88BF370977D-300x200.jpeg 300w, https:\/\/www.tonlek.org\/se\/wp-content\/uploads\/sites\/2\/2023\/03\/632346A9-4E6D-420E-B70D-C88BF370977D-768x512.jpeg 768w, https:\/\/www.tonlek.org\/se\/wp-content\/uploads\/sites\/2\/2023\/03\/632346A9-4E6D-420E-B70D-C88BF370977D-1536x1024.jpeg 1536w, https:\/\/www.tonlek.org\/se\/wp-content\/uploads\/sites\/2\/2023\/03\/632346A9-4E6D-420E-B70D-C88BF370977D-2048x1366.jpeg 2048w, https:\/\/www.tonlek.org\/se\/wp-content\/uploads\/sites\/2\/2023\/03\/632346A9-4E6D-420E-B70D-C88BF370977D-930x620.jpeg 930w\" sizes=\"auto, (max-width: 1024px) 100vw, 1024px\" \/><\/a><\/figure>\n\n\n\n<div style=\"height:14px\" aria-hidden=\"true\" class=\"wp-block-spacer\"><\/div>\n\n\n\n<h4 class=\"wp-block-heading has-text-align-center\"><a href=\"https:\/\/www.tonlek.org\/se\/historien-bakom-tonlek\/\">Historia<\/a><\/h4>\n\n\n\n<p>Id\u00e9n med T\u00f3nlek \u00e4r att skapa ett samarbete mellan deltagare fr\u00e5n de nordiska l\u00e4nderna med musik som ett gemensamt spr\u00e5k. <\/p>\n<\/div>\n\n\n\n<div class=\"wp-block-column is-layout-flow wp-block-column-is-layout-flow\">\n<figure class=\"wp-block-image size-large\"><img loading=\"lazy\" decoding=\"async\" width=\"1024\" height=\"683\" src=\"https:\/\/www.tonlek.org\/se\/wp-content\/uploads\/sites\/2\/2023\/03\/B1F64B0D-1902-4B30-B91F-39147CB15AC2-1024x683.jpeg\" alt=\"\" class=\"wp-image-58\" srcset=\"https:\/\/www.tonlek.org\/se\/wp-content\/uploads\/sites\/2\/2023\/03\/B1F64B0D-1902-4B30-B91F-39147CB15AC2-1024x683.jpeg 1024w, https:\/\/www.tonlek.org\/se\/wp-content\/uploads\/sites\/2\/2023\/03\/B1F64B0D-1902-4B30-B91F-39147CB15AC2-300x200.jpeg 300w, https:\/\/www.tonlek.org\/se\/wp-content\/uploads\/sites\/2\/2023\/03\/B1F64B0D-1902-4B30-B91F-39147CB15AC2-768x512.jpeg 768w, https:\/\/www.tonlek.org\/se\/wp-content\/uploads\/sites\/2\/2023\/03\/B1F64B0D-1902-4B30-B91F-39147CB15AC2-1536x1024.jpeg 1536w, https:\/\/www.tonlek.org\/se\/wp-content\/uploads\/sites\/2\/2023\/03\/B1F64B0D-1902-4B30-B91F-39147CB15AC2-2048x1366.jpeg 2048w, https:\/\/www.tonlek.org\/se\/wp-content\/uploads\/sites\/2\/2023\/03\/B1F64B0D-1902-4B30-B91F-39147CB15AC2-930x620.jpeg 930w\" sizes=\"auto, (max-width: 1024px) 100vw, 1024px\" \/><\/figure>\n\n\n\n<div style=\"height:15px\" aria-hidden=\"true\" class=\"wp-block-spacer\"><\/div>\n\n\n\n<h4 class=\"wp-block-heading has-text-align-center\"><a href=\"https:\/\/www.tonlek.org\/se\/vardegrund\/\">V\u00e4rdegrund<\/a><\/h4>\n\n\n\n<p>T\u00f3nlek st\u00e5r f\u00f6r en h\u00e5llbar utveckling i Norden, f\u00f6r j\u00e4mlikhet och j\u00e4mst\u00e4lldhet samt f\u00f6r barn och ungas r\u00e4tt att bli h\u00f6rda och f\u00e5 inflytande \u00f6ver sin egen situation.<\/p>\n<\/div>\n<\/div>\n\n\n\n<div style=\"height:38px\" aria-hidden=\"true\" class=\"wp-block-spacer\"><\/div>\n","protected":false},"excerpt":{"rendered":"<p>T\u00f3nlekstinget \u00e4r forumet f\u00f6r dig som vill ha inflytande \u00f6ver kursen och aktiviteterna. Du anm\u00e4ler dig till T\u00f3nlekstinget n\u00e4r du anm\u00e4ler dig till kursen. I T\u00f3nlekstinget kan du ge f\u00f6rslag till orkestrarnas repertoar, f\u00f6resl\u00e5 aktiviteter utanf\u00f6r det fasta programmet, ta ansvar f\u00f6r folkmusikkv\u00e4llar och Crazy Night. Du kommer \u00e4ven att kunna hj\u00e4lpa till att sprida&hellip;&nbsp;<a href=\"https:\/\/www.tonlek.org\/se\/om-tonlek\/tonlekstinget\/\" rel=\"bookmark\"><span class=\"screen-reader-text\">T\u00f3nlekstinget<\/span><\/a><\/p>\n","protected":false},"author":2,"featured_media":0,"parent":16,"menu_order":0,"comment_status":"closed","ping_status":"closed","template":"","meta":{"inline_featured_image":false,"neve_meta_sidebar":"","neve_meta_container":"","neve_meta_enable_content_width":"","neve_meta_content_width":0,"neve_meta_title_alignment":"","neve_meta_author_avatar":"","neve_post_elements_order":"","neve_meta_disable_header":"","neve_meta_disable_footer":"on","neve_meta_disable_title":"","footnotes":""},"class_list":["post-26","page","type-page","status-publish","hentry"],"_links":{"self":[{"href":"https:\/\/www.tonlek.org\/se\/wp-json\/wp\/v2\/pages\/26","targetHints":{"allow":["GET"]}}],"collection":[{"href":"https:\/\/www.tonlek.org\/se\/wp-json\/wp\/v2\/pages"}],"about":[{"href":"https:\/\/www.tonlek.org\/se\/wp-json\/wp\/v2\/types\/page"}],"author":[{"embeddable":true,"href":"https:\/\/www.tonlek.org\/se\/wp-json\/wp\/v2\/users\/2"}],"replies":[{"embeddable":true,"href":"https:\/\/www.tonlek.org\/se\/wp-json\/wp\/v2\/comments?post=26"}],"version-history":[{"count":8,"href":"https:\/\/www.tonlek.org\/se\/wp-json\/wp\/v2\/pages\/26\/revisions"}],"predecessor-version":[{"id":546,"href":"https:\/\/www.tonlek.org\/se\/wp-json\/wp\/v2\/pages\/26\/revisions\/546"}],"up":[{"embeddable":true,"href":"https:\/\/www.tonlek.org\/se\/wp-json\/wp\/v2\/pages\/16"}],"wp:attachment":[{"href":"https:\/\/www.tonlek.org\/se\/wp-json\/wp\/v2\/media?parent=26"}],"curies":[{"name":"wp","href":"https:\/\/api.w.org\/{rel}","templated":true}]}}