{"id":137,"date":"2023-03-24T10:27:05","date_gmt":"2023-03-24T09:27:05","guid":{"rendered":"https:\/\/tonlek.dev.rumforum.se\/se\/?page_id=137"},"modified":"2025-12-14T21:35:08","modified_gmt":"2025-12-14T20:35:08","slug":"repertoar","status":"publish","type":"page","link":"https:\/\/www.tonlek.org\/se\/tonlek\/repertoar\/","title":{"rendered":"Repertoar"},"content":{"rendered":"\n<p><strong>H\u00e4r nedan kan du se repertoaren f\u00f6r 2026.<\/strong><\/p>\n\n\n\n<p>F\u00f6r att du ska kunna f\u00f6rst\u00e5 vilken orkester som passar dig b\u00e4st presenterar vi h\u00e4r musiken vi kommer att spela p\u00e5 T\u00f3nlek 2026.<br>Det finns l\u00e4nkar till videor under varje titel s\u00e5 att du kan lyssna p\u00e5 musiken. Det \u00e4r inte s\u00e4kert att vi kommer att spela alla satser fr\u00e5n varje verk och flera mindre verk kan l\u00e4ggas till.<br>\u00c4ndringar kan ske allt eftersom vi anpassar repertoaren till de musiker som anm\u00e4ler sig till kursen. Det \u00e4r en bra id\u00e9 att skicka en video p\u00e5 dig n\u00e4r du spelar i en minut eller tv\u00e5 till <a href=\"mailto:info@tonlek.org\">info@tonlek.org<\/a> s\u00e5 att vi kan anpassa orkestern och musiken till dig som kommer.<\/p>\n\n\n\n<p>Vill du vara med och p\u00e5verka den slutliga repertoaren? Anm\u00e4l dig till <a href=\"https:\/\/tonlek.org\/se\/tonlekstinget\/\">T\u00f3nlekstinget<\/a>!<\/p>\n\n\n\n<div class=\"wp-block-columns is-layout-flex wp-container-core-columns-is-layout-9d6595d7 wp-block-columns-is-layout-flex\">\n<div class=\"wp-block-column is-layout-flow wp-block-column-is-layout-flow\">\n<h4 class=\"wp-block-heading\"><strong>Juniororkester<\/strong>n<\/h4>\n\n\n\n<p>Stycken f\u00f6r v\u00e5ra yngsta deltagare.<\/p>\n\n\n\n<p><strong>Telemann: \u201cSinfonia I a mol\u201d<\/strong><br><a href=\"https:\/\/www.youtube.com\/watch?v=G_55dAQvOjE&amp;ab_channel=KjosMusicPublishing\" target=\"_blank\" rel=\"noreferrer noopener\">Ljud Telemann: \u201cSinfonia I a mol\u201d<\/a><\/p>\n\n\n\n<p><strong>Sibelius: \u201cFinlandia\u201d, arrangerat f\u00f6r str\u00e5k<\/strong><br><a href=\"https:\/\/youtu.be\/fE0RbPsC9uE?si=CPwHJ160ifXyychq\" target=\"_blank\" rel=\"noreferrer noopener\">H\u00e4r kan du h\u00f6ra Finlandia med full orkester och k\u00f6r. Vi n\u00f6jer oss dock med str\u00e5kar p\u00e5 T\u00f3nlek.<\/a><\/p>\n<\/div>\n\n\n\n<div class=\"wp-block-column is-layout-flow wp-block-column-is-layout-flow\">\n<h4 class=\"wp-block-heading\"><strong>Camerata<\/strong><\/h4>\n\n\n\n<p>Stycken f\u00f6r Camerata, T\u00f3nleks st\u00f6rsta orkester.<\/p>\n\n\n\n<p><strong><strong>Peter Warlock: Capriol Suite<\/strong><\/strong>&#8221;<br><a href=\"https:\/\/www.youtube.com\/watch?v=OdibDKnp7Mc\" target=\"_blank\" rel=\"noreferrer noopener\">Ljud Peter Warlock: Capriol Suite<\/a><\/p>\n\n\n\n<p><strong>Sibelius: \u201cFinlandia\u201d, arrangerat f\u00f6r str\u00e5k<\/strong><br><a href=\"https:\/\/youtu.be\/fE0RbPsC9uE?si=CPwHJ160ifXyychq\" target=\"_blank\" rel=\"noreferrer noopener\">H\u00e4r kan du h\u00f6ra Finlandia med full orkester och k\u00f6r. Vi n\u00f6jer oss dock med str\u00e5kar p\u00e5 T\u00f3nlek.<\/a><\/p>\n<\/div>\n\n\n\n<div class=\"wp-block-column is-layout-flow wp-block-column-is-layout-flow\">\n<h4 class=\"wp-block-heading\"><strong>Seniororkester<\/strong>n<\/h4>\n\n\n\n<p>Mer kr\u00e4vande stycken f\u00f6r v\u00e5ra \u00e4ldsta deltagare. <\/p>\n\n\n\n<p><strong><strong>Dmitri Sjostakovitj: Kammersymfonie, opus 110<\/strong><\/strong><br><a href=\"https:\/\/www.youtube.com\/watch?v=KFb81Ug_I70\" data-type=\"link\" data-id=\"https:\/\/www.youtube.com\/watch?v=x4IxykTK_yg&amp;ab_channel=Tonhalle-OrchesterZ%C3%BCrich\" target=\"_blank\" rel=\"noreferrer noopener\">Ljud Dmitri Sjostakovitj: Kammersymfonie, opus 110 <\/a><\/p>\n\n\n\n<p><strong><strong>Aleksandr Scriabin: Andante for strygeorkester<\/strong><\/strong><br><a href=\"https:\/\/www.youtube.com\/watch?v=L8pxDG7o_rk\" target=\"_blank\" rel=\"noreferrer noopener\">Ljud Aleksandr Scriabin: Andante for strygeorkester<\/a><\/p>\n\n\n\n<p><strong><strong><strong>Sibelius: \u201cFinlandia\u201d, arrangerat f\u00f6r str\u00e5k<\/strong><\/strong><\/strong><br><a href=\"https:\/\/youtu.be\/fE0RbPsC9uE?si=CPwHJ160ifXyychq\" target=\"_blank\" rel=\"noreferrer noopener\">H\u00e4r kan du h\u00f6ra Finlandia med full orkester och k\u00f6r. Vi n\u00f6jer oss dock med str\u00e5kar p\u00e5 T\u00f3nlek.<\/a><\/p>\n<\/div>\n<\/div>\n\n\n\n<div style=\"height:40px\" aria-hidden=\"true\" class=\"wp-block-spacer\"><\/div>\n\n\n\n<div class=\"wp-block-columns is-layout-flex wp-container-core-columns-is-layout-9d6595d7 wp-block-columns-is-layout-flex\">\n<div class=\"wp-block-column is-layout-flow wp-block-column-is-layout-flow\"><div class=\"wp-block-image\">\n<figure class=\"aligncenter size-large\"><img loading=\"lazy\" decoding=\"async\" width=\"1024\" height=\"683\" src=\"https:\/\/tonlek.org\/se\/wp-content\/uploads\/sites\/2\/2023\/03\/68D68879-8871-4259-8442-2EA35FF5999C-1024x683.jpeg\" alt=\"\" class=\"wp-image-51\" srcset=\"https:\/\/www.tonlek.org\/se\/wp-content\/uploads\/sites\/2\/2023\/03\/68D68879-8871-4259-8442-2EA35FF5999C-1024x683.jpeg 1024w, https:\/\/www.tonlek.org\/se\/wp-content\/uploads\/sites\/2\/2023\/03\/68D68879-8871-4259-8442-2EA35FF5999C-300x200.jpeg 300w, https:\/\/www.tonlek.org\/se\/wp-content\/uploads\/sites\/2\/2023\/03\/68D68879-8871-4259-8442-2EA35FF5999C-768x512.jpeg 768w, https:\/\/www.tonlek.org\/se\/wp-content\/uploads\/sites\/2\/2023\/03\/68D68879-8871-4259-8442-2EA35FF5999C-1536x1024.jpeg 1536w, https:\/\/www.tonlek.org\/se\/wp-content\/uploads\/sites\/2\/2023\/03\/68D68879-8871-4259-8442-2EA35FF5999C-2048x1366.jpeg 2048w, https:\/\/www.tonlek.org\/se\/wp-content\/uploads\/sites\/2\/2023\/03\/68D68879-8871-4259-8442-2EA35FF5999C-930x620.jpeg 930w\" sizes=\"auto, (max-width: 1024px) 100vw, 1024px\" \/><\/figure>\n<\/div>\n\n\n<div style=\"height:15px\" aria-hidden=\"true\" class=\"wp-block-spacer\"><\/div>\n\n\n\n<h4 class=\"wp-block-heading has-text-align-center\"><a href=\"https:\/\/www.tonlek.org\/se\/tonlek\/\" data-type=\"link\" data-id=\"https:\/\/www.tonlek.org\/se\/tonlek\/\">T\u00f3nlek 2026<\/a><\/h4>\n\n\n\n<p>Repertoaren f\u00f6r alla orkestrar b\u00f6rjar ta form. Allt \u00e4r upplagt f\u00f6r ett fantastiskt l\u00e4ger!<\/p>\n<\/div>\n\n\n\n<div class=\"wp-block-column is-layout-flow wp-block-column-is-layout-flow\"><div class=\"wp-block-image\">\n<figure class=\"aligncenter size-large\"><img loading=\"lazy\" decoding=\"async\" width=\"1024\" height=\"683\" src=\"https:\/\/tonlek.org\/se\/wp-content\/uploads\/sites\/2\/2023\/03\/FC63F800-8B1E-41D1-A848-4D9A83598F4B-1024x683.jpeg\" alt=\"\" class=\"wp-image-43\" srcset=\"https:\/\/www.tonlek.org\/se\/wp-content\/uploads\/sites\/2\/2023\/03\/FC63F800-8B1E-41D1-A848-4D9A83598F4B-1024x683.jpeg 1024w, https:\/\/www.tonlek.org\/se\/wp-content\/uploads\/sites\/2\/2023\/03\/FC63F800-8B1E-41D1-A848-4D9A83598F4B-300x200.jpeg 300w, https:\/\/www.tonlek.org\/se\/wp-content\/uploads\/sites\/2\/2023\/03\/FC63F800-8B1E-41D1-A848-4D9A83598F4B-768x512.jpeg 768w, https:\/\/www.tonlek.org\/se\/wp-content\/uploads\/sites\/2\/2023\/03\/FC63F800-8B1E-41D1-A848-4D9A83598F4B-1536x1024.jpeg 1536w, https:\/\/www.tonlek.org\/se\/wp-content\/uploads\/sites\/2\/2023\/03\/FC63F800-8B1E-41D1-A848-4D9A83598F4B-2048x1366.jpeg 2048w, https:\/\/www.tonlek.org\/se\/wp-content\/uploads\/sites\/2\/2023\/03\/FC63F800-8B1E-41D1-A848-4D9A83598F4B-930x620.jpeg 930w\" sizes=\"auto, (max-width: 1024px) 100vw, 1024px\" \/><\/figure>\n<\/div>\n\n\n<div style=\"height:15px\" aria-hidden=\"true\" class=\"wp-block-spacer\"><\/div>\n\n\n\n<h4 class=\"wp-block-heading has-text-align-center\"><a href=\"https:\/\/www.tonlek.org\/se\/dirigent-och-pedagoger\/\">Dirigent och pedagoger<\/a><\/h4>\n\n\n\n<p>H\u00e4r nedan kan du l\u00e4sa mer om v\u00e5r dirigent och alla l\u00e4rare p\u00e5 T\u00f3nlek.<\/p>\n<\/div>\n\n\n\n<div class=\"wp-block-column is-layout-flow wp-block-column-is-layout-flow\"><div class=\"wp-block-image\">\n<figure class=\"aligncenter size-large\"><img loading=\"lazy\" decoding=\"async\" width=\"1024\" height=\"683\" src=\"https:\/\/tonlek.org\/se\/wp-content\/uploads\/sites\/2\/2023\/03\/D43B6977-344D-4320-90E1-2394559F0239-1024x683.jpeg\" alt=\"\" class=\"wp-image-62\" srcset=\"https:\/\/www.tonlek.org\/se\/wp-content\/uploads\/sites\/2\/2023\/03\/D43B6977-344D-4320-90E1-2394559F0239-1024x683.jpeg 1024w, https:\/\/www.tonlek.org\/se\/wp-content\/uploads\/sites\/2\/2023\/03\/D43B6977-344D-4320-90E1-2394559F0239-300x200.jpeg 300w, https:\/\/www.tonlek.org\/se\/wp-content\/uploads\/sites\/2\/2023\/03\/D43B6977-344D-4320-90E1-2394559F0239-768x512.jpeg 768w, https:\/\/www.tonlek.org\/se\/wp-content\/uploads\/sites\/2\/2023\/03\/D43B6977-344D-4320-90E1-2394559F0239-1536x1024.jpeg 1536w, https:\/\/www.tonlek.org\/se\/wp-content\/uploads\/sites\/2\/2023\/03\/D43B6977-344D-4320-90E1-2394559F0239-2048x1366.jpeg 2048w, https:\/\/www.tonlek.org\/se\/wp-content\/uploads\/sites\/2\/2023\/03\/D43B6977-344D-4320-90E1-2394559F0239-930x620.jpeg 930w\" sizes=\"auto, (max-width: 1024px) 100vw, 1024px\" \/><\/figure>\n<\/div>\n\n\n<div style=\"height:15px\" aria-hidden=\"true\" class=\"wp-block-spacer\"><\/div>\n\n\n\n<h4 class=\"wp-block-heading has-text-align-center\"><a href=\"https:\/\/www.tonlek.org\/se\/praktisk-information\/\">Praktisk information<\/a><\/h4>\n\n\n\n<p>Allt om saker som anm\u00e4lan, plats, tid, boende, mat och kostnader. <\/p>\n<\/div>\n<\/div>\n\n\n\n<p><\/p>\n","protected":false},"excerpt":{"rendered":"<p>H\u00e4r nedan kan du se repertoaren f\u00f6r 2026. F\u00f6r att du ska kunna f\u00f6rst\u00e5 vilken orkester som passar dig b\u00e4st presenterar vi h\u00e4r musiken vi kommer att spela p\u00e5 T\u00f3nlek 2026.Det finns l\u00e4nkar till videor under varje titel s\u00e5 att du kan lyssna p\u00e5 musiken. Det \u00e4r inte s\u00e4kert att vi kommer att spela alla&hellip;&nbsp;<a href=\"https:\/\/www.tonlek.org\/se\/tonlek\/repertoar\/\" rel=\"bookmark\"><span class=\"screen-reader-text\">Repertoar<\/span><\/a><\/p>\n","protected":false},"author":4,"featured_media":0,"parent":89,"menu_order":0,"comment_status":"closed","ping_status":"closed","template":"","meta":{"inline_featured_image":false,"neve_meta_sidebar":"","neve_meta_container":"","neve_meta_enable_content_width":"","neve_meta_content_width":0,"neve_meta_title_alignment":"","neve_meta_author_avatar":"","neve_post_elements_order":"","neve_meta_disable_header":"","neve_meta_disable_footer":"","neve_meta_disable_title":"","footnotes":""},"class_list":["post-137","page","type-page","status-publish","hentry"],"_links":{"self":[{"href":"https:\/\/www.tonlek.org\/se\/wp-json\/wp\/v2\/pages\/137","targetHints":{"allow":["GET"]}}],"collection":[{"href":"https:\/\/www.tonlek.org\/se\/wp-json\/wp\/v2\/pages"}],"about":[{"href":"https:\/\/www.tonlek.org\/se\/wp-json\/wp\/v2\/types\/page"}],"author":[{"embeddable":true,"href":"https:\/\/www.tonlek.org\/se\/wp-json\/wp\/v2\/users\/4"}],"replies":[{"embeddable":true,"href":"https:\/\/www.tonlek.org\/se\/wp-json\/wp\/v2\/comments?post=137"}],"version-history":[{"count":52,"href":"https:\/\/www.tonlek.org\/se\/wp-json\/wp\/v2\/pages\/137\/revisions"}],"predecessor-version":[{"id":807,"href":"https:\/\/www.tonlek.org\/se\/wp-json\/wp\/v2\/pages\/137\/revisions\/807"}],"up":[{"embeddable":true,"href":"https:\/\/www.tonlek.org\/se\/wp-json\/wp\/v2\/pages\/89"}],"wp:attachment":[{"href":"https:\/\/www.tonlek.org\/se\/wp-json\/wp\/v2\/media?parent=137"}],"curies":[{"name":"wp","href":"https:\/\/api.w.org\/{rel}","templated":true}]}}