{"id":135,"date":"2023-03-24T10:21:27","date_gmt":"2023-03-24T09:21:27","guid":{"rendered":"https:\/\/tonlek.dev.rumforum.se\/se\/?page_id=135"},"modified":"2026-04-07T20:13:53","modified_gmt":"2026-04-07T18:13:53","slug":"praktisk-information","status":"publish","type":"page","link":"https:\/\/www.tonlek.org\/se\/tonlek\/praktisk-information\/","title":{"rendered":"Praktisk information"},"content":{"rendered":"\n<p>H\u00e4r nedan kan du l\u00e4sa all praktisk information om T\u00f3nlek. Har du fr\u00e5gor, h\u00f6r av dig till <a href=\"mailto:info@tonlek.org\">info@tonlek.org<\/a> s\u00e5 hj\u00e4lper vi dig.&nbsp;<\/p>\n\n\n\n<h4 class=\"wp-block-heading\"><strong>Plats<\/strong>&nbsp;<\/h4>\n\n\n\n<p>\u00c5r 2026 h\u00e5lls kursen p\u00e5 Lunnevads folkh\u00f6gskola utanf\u00f6r Link\u00f6ping.<\/p>\n\n\n\n<p>Adress: Lunnevads folkh\u00f6gskola, 583 92 Vikingstad<\/p>\n\n\n\n<h4 class=\"wp-block-heading\"><strong>Tid<\/strong>&nbsp;<\/h4>\n\n\n\n<p><strong>Ankomst <\/strong>s\u00f6ndag 2 augusti fr\u00e5n kl 14:30 &#8211; se program<\/p>\n\n\n\n<p><strong>Avresa <\/strong>l\u00f6rdag 8 augusti efter frukost.<\/p>\n\n\n\n<p><strong>Resor<\/strong>: F\u00f6r dig som inte anl\u00e4nder med bil kommer de finnas en gemensam transport fr\u00e5n stationen i LInk\u00f6ping till Lunnevad. Mer information om avg\u00e5ng etc kommer i deltagarbrevet efter sista anm\u00e4lningsdag<\/p>\n\n\n\n<h4 class=\"wp-block-heading\"><strong>Avgift<\/strong>&nbsp;<\/h4>\n\n\n\n<p>Deltagare bosatta i Sverige: 5 800 SEK<br>Deltagare bosatta i andra fastl\u00e4ndska nordiska l\u00e4nder: 5 200 SEK<br>Deltagare bosatta p\u00e5 F\u00e4r\u00f6arna eller Island: 4 900 SEK<br>Deltagare bosatta i Gr\u00f6nland: 3 600 SEK<br>F\u00f6r\u00e4ldrar, f\u00f6rutom de som \u00e4r bosatta i Gr\u00f6nland: 4 500 SEK<br>F\u00f6r\u00e4ldrar bosatta i Gr\u00f6nland: 3 600 SEK<\/p>\n\n\n\n<p>Priserna t\u00e4cker:<\/p>\n\n\n\n<ul class=\"wp-block-list\">\n<li>3 m\u00e5ltider om dagen och flera mellanm\u00e5l<\/li>\n\n\n\n<li>Boende i 2- och 4-b\u00e4ddsrum<\/li>\n\n\n\n<li>Medverkan i orkester<\/li>\n\n\n\n<li>Sololektioner varje dag m\u00e5ndag-torsdag<\/li>\n\n\n\n<li>Ackompanjemang av en professionell pianist<\/li>\n<\/ul>\n\n\n\n<p>\u00d6nskem\u00e5l g\u00e4llande kost och logi ska anges vid anm\u00e4lan.<\/p>\n\n\n\n<h4 class=\"wp-block-heading\">Orkesterspel<\/h4>\n\n\n\n<p>Vid anm\u00e4lan ska du \u00e4ven ange vilken orkester du t\u00e4nker att du passar b\u00e4st i:<\/p>\n\n\n\n<ul class=\"wp-block-list\">\n<li>Junior<\/li>\n\n\n\n<li>Camerata<\/li>\n\n\n\n<li>Senior<\/li>\n<\/ul>\n\n\n\n<p>Titta g\u00e4rna p\u00e5 sidan &#8221;<a href=\"https:\/\/www.tonlek.org\/se\/tonlek\/repertoar\/\">Repertoar<\/a>&#8221; f\u00f6r att se var du passar b\u00e4st.<\/p>\n\n\n\n<h4 class=\"wp-block-heading\">Video<\/h4>\n\n\n\n<p>Om du \u00e4r os\u00e4ker p\u00e5 vilken orkester som passar dig b\u00e4st f\u00e5r du g\u00e4rna skicka en kort video (1-2 minuter) d\u00e4r du spelar ditt instrument, d\u00e5 kan vi hj\u00e4lpa dig med valet. Denna skickas till <a href=\"mailto:info@tonlek.org\">info@tonlek.org<\/a><\/p>\n\n\n\n<h4 class=\"wp-block-heading\"><strong>Elevkonserter<\/strong>&nbsp;<\/h4>\n\n\n\n<p>Det blir elevkonserter p\u00e5 skolan onsdag och torsdag och en avslutande orkesterkonsert p\u00e5 fredag 11 juli, plats \u00e5terkommer vi om men i Link\u00f6ping eller Norrk\u00f6ping. Vi har en professionell pianist som kommer att ackompanjera. Du m\u00e5ste sj\u00e4lv komma ih\u00e5g att ta med dig pianost\u00e4mman till det du spelar och skicka noter f\u00f6r sv\u00e5ra verk i f\u00f6rv\u00e4g. Pianonoter till stycket du vill spela med pianisten skickas till: <a href=\"mailto:info@tonlek.org\">info@tonlek.org<\/a>. Det \u00e4r en bra id\u00e9 att ta med minst tv\u00e5 stycken verk till \u00f6vningen, varav ett kan vara klart till konserten under tisdag och onsdag.<\/p>\n\n\n\n<h4 class=\"wp-block-heading\">T\u00f3nlekstinget<\/h4>\n\n\n\n<p>Deltagarna har m\u00f6jlighet att vara med och tycka till om kursen. Vid anm\u00e4lan kan du anm\u00e4la dig till T\u00f3nlekstinget, du f\u00e5r d\u00e5 m\u00f6jlighet att bidra via e-post redan innan kursen. Under kursen kommer T\u00f3nlekstinget att tr\u00e4ffas flera g\u00e5nger och ansvara f\u00f6r aktiviteter, t.ex. Crazy Night. P\u00e5 Crazy Night l\u00e5ter vi fantasin fl\u00f6da och de unga st\u00e5r sj\u00e4lva f\u00f6r att ordna en rolig och festlig avslutning p\u00e5 kursen, d\u00e4r humorn st\u00e5r i centrum.<\/p>\n\n\n\n<h4 class=\"wp-block-heading\">Medf\u00f6ljande f\u00f6r\u00e4ldrar<\/h4>\n\n\n\n<p>De f\u00f6r\u00e4ldrar som \u00e4r med under kursen f\u00f6rv\u00e4ntas ta ansvar f\u00f6r alla deltagare och ing\u00e5r i ett vuxenteam som hj\u00e4lper alla att f\u00e5 en h\u00e4rlig upplevelse.<\/p>\n\n\n\n<h4 class=\"wp-block-heading\"><strong>Anm\u00e4lan<\/strong>&nbsp;<\/h4>\n\n\n\n<p><a href=\"https:\/\/www.tonlek.org\/se\/tonlek\/\">H\u00e4r g\u00f6r du din anm\u00e4lan<\/a>.<\/p>\n\n\n\n<div style=\"height:40px\" aria-hidden=\"true\" class=\"wp-block-spacer\"><\/div>\n\n\n\n<div class=\"wp-block-columns is-layout-flex wp-container-core-columns-is-layout-9d6595d7 wp-block-columns-is-layout-flex\">\n<div class=\"wp-block-column is-layout-flow wp-block-column-is-layout-flow\"><div class=\"wp-block-image\">\n<figure class=\"aligncenter size-large\"><img loading=\"lazy\" decoding=\"async\" width=\"1024\" height=\"683\" src=\"https:\/\/www.tonlek.org\/se\/wp-content\/uploads\/sites\/2\/2023\/03\/68D68879-8871-4259-8442-2EA35FF5999C-1024x683.jpeg\" alt=\"\" class=\"wp-image-51\" srcset=\"https:\/\/www.tonlek.org\/se\/wp-content\/uploads\/sites\/2\/2023\/03\/68D68879-8871-4259-8442-2EA35FF5999C-1024x683.jpeg 1024w, https:\/\/www.tonlek.org\/se\/wp-content\/uploads\/sites\/2\/2023\/03\/68D68879-8871-4259-8442-2EA35FF5999C-300x200.jpeg 300w, https:\/\/www.tonlek.org\/se\/wp-content\/uploads\/sites\/2\/2023\/03\/68D68879-8871-4259-8442-2EA35FF5999C-768x512.jpeg 768w, https:\/\/www.tonlek.org\/se\/wp-content\/uploads\/sites\/2\/2023\/03\/68D68879-8871-4259-8442-2EA35FF5999C-1536x1024.jpeg 1536w, https:\/\/www.tonlek.org\/se\/wp-content\/uploads\/sites\/2\/2023\/03\/68D68879-8871-4259-8442-2EA35FF5999C-2048x1366.jpeg 2048w, https:\/\/www.tonlek.org\/se\/wp-content\/uploads\/sites\/2\/2023\/03\/68D68879-8871-4259-8442-2EA35FF5999C-930x620.jpeg 930w\" sizes=\"auto, (max-width: 1024px) 100vw, 1024px\" \/><\/figure>\n<\/div>\n\n\n<div style=\"height:15px\" aria-hidden=\"true\" class=\"wp-block-spacer\"><\/div>\n\n\n\n<h4 class=\"wp-block-heading has-text-align-center\"><a href=\"https:\/\/www.tonlek.org\/se\/tonlek\/\" data-type=\"link\" data-id=\"https:\/\/www.tonlek.org\/se\/tonlek\/\">T\u00f3nlek 2026<\/a><\/h4>\n\n\n\n<p>Repertoaren f\u00f6r alla orkestrar b\u00f6rjar ta form. Allt \u00e4r upplagt f\u00f6r ett fantastiskt l\u00e4ger! <\/p>\n<\/div>\n\n\n\n<div class=\"wp-block-column is-layout-flow wp-block-column-is-layout-flow\"><div class=\"wp-block-image\">\n<figure class=\"aligncenter size-large\"><img loading=\"lazy\" decoding=\"async\" width=\"1024\" height=\"683\" src=\"https:\/\/www.tonlek.org\/se\/wp-content\/uploads\/sites\/2\/2023\/03\/FC63F800-8B1E-41D1-A848-4D9A83598F4B-1024x683.jpeg\" alt=\"\" class=\"wp-image-43\" srcset=\"https:\/\/www.tonlek.org\/se\/wp-content\/uploads\/sites\/2\/2023\/03\/FC63F800-8B1E-41D1-A848-4D9A83598F4B-1024x683.jpeg 1024w, https:\/\/www.tonlek.org\/se\/wp-content\/uploads\/sites\/2\/2023\/03\/FC63F800-8B1E-41D1-A848-4D9A83598F4B-300x200.jpeg 300w, https:\/\/www.tonlek.org\/se\/wp-content\/uploads\/sites\/2\/2023\/03\/FC63F800-8B1E-41D1-A848-4D9A83598F4B-768x512.jpeg 768w, https:\/\/www.tonlek.org\/se\/wp-content\/uploads\/sites\/2\/2023\/03\/FC63F800-8B1E-41D1-A848-4D9A83598F4B-1536x1024.jpeg 1536w, https:\/\/www.tonlek.org\/se\/wp-content\/uploads\/sites\/2\/2023\/03\/FC63F800-8B1E-41D1-A848-4D9A83598F4B-2048x1366.jpeg 2048w, https:\/\/www.tonlek.org\/se\/wp-content\/uploads\/sites\/2\/2023\/03\/FC63F800-8B1E-41D1-A848-4D9A83598F4B-930x620.jpeg 930w\" sizes=\"auto, (max-width: 1024px) 100vw, 1024px\" \/><\/figure>\n<\/div>\n\n\n<div style=\"height:15px\" aria-hidden=\"true\" class=\"wp-block-spacer\"><\/div>\n\n\n\n<h4 class=\"wp-block-heading has-text-align-center\"><a href=\"https:\/\/www.tonlek.org\/se\/dirigent-och-pedagoger\/\">Dirigent och pedagoger<\/a><\/h4>\n\n\n\n<p>H\u00e4r nedan kan du l\u00e4sa mer om v\u00e5r dirigent och alla l\u00e4rare p\u00e5 T\u00f3nlek.<\/p>\n<\/div>\n\n\n\n<div class=\"wp-block-column is-layout-flow wp-block-column-is-layout-flow\"><div class=\"wp-block-image\">\n<figure class=\"aligncenter size-large\"><img loading=\"lazy\" decoding=\"async\" width=\"1024\" height=\"683\" src=\"https:\/\/www.tonlek.org\/se\/wp-content\/uploads\/sites\/2\/2023\/03\/632346A9-4E6D-420E-B70D-C88BF370977D-1024x683.jpeg\" alt=\"\" class=\"wp-image-64\" srcset=\"https:\/\/www.tonlek.org\/se\/wp-content\/uploads\/sites\/2\/2023\/03\/632346A9-4E6D-420E-B70D-C88BF370977D-1024x683.jpeg 1024w, https:\/\/www.tonlek.org\/se\/wp-content\/uploads\/sites\/2\/2023\/03\/632346A9-4E6D-420E-B70D-C88BF370977D-300x200.jpeg 300w, https:\/\/www.tonlek.org\/se\/wp-content\/uploads\/sites\/2\/2023\/03\/632346A9-4E6D-420E-B70D-C88BF370977D-768x512.jpeg 768w, https:\/\/www.tonlek.org\/se\/wp-content\/uploads\/sites\/2\/2023\/03\/632346A9-4E6D-420E-B70D-C88BF370977D-1536x1024.jpeg 1536w, https:\/\/www.tonlek.org\/se\/wp-content\/uploads\/sites\/2\/2023\/03\/632346A9-4E6D-420E-B70D-C88BF370977D-2048x1366.jpeg 2048w, https:\/\/www.tonlek.org\/se\/wp-content\/uploads\/sites\/2\/2023\/03\/632346A9-4E6D-420E-B70D-C88BF370977D-930x620.jpeg 930w\" sizes=\"auto, (max-width: 1024px) 100vw, 1024px\" \/><\/figure>\n<\/div>\n\n\n<div style=\"height:15px\" aria-hidden=\"true\" class=\"wp-block-spacer\"><\/div>\n\n\n\n<h4 class=\"wp-block-heading has-text-align-center\"><a href=\"https:\/\/www.tonlek.org\/se\/repertoar\">Repertoar och noter<\/a><\/h4>\n\n\n\n<p>H\u00e4r hittar du repertoaren f\u00f6r alla orkestrar tillsammans med noter och l\u00e4nkar till ljud. <\/p>\n<\/div>\n<\/div>\n\n\n\n<p><\/p>\n\n\n\n<p><\/p>\n","protected":false},"excerpt":{"rendered":"<p>H\u00e4r nedan kan du l\u00e4sa all praktisk information om T\u00f3nlek. Har du fr\u00e5gor, h\u00f6r av dig till info@tonlek.org s\u00e5 hj\u00e4lper vi dig.&nbsp; Plats&nbsp; \u00c5r 2026 h\u00e5lls kursen p\u00e5 Lunnevads folkh\u00f6gskola utanf\u00f6r Link\u00f6ping. Adress: Lunnevads folkh\u00f6gskola, 583 92 Vikingstad Tid&nbsp; Ankomst s\u00f6ndag 2 augusti fr\u00e5n kl 14:30 &#8211; se program Avresa l\u00f6rdag 8 augusti efter frukost.&hellip;&nbsp;<a href=\"https:\/\/www.tonlek.org\/se\/tonlek\/praktisk-information\/\" rel=\"bookmark\"><span class=\"screen-reader-text\">Praktisk information<\/span><\/a><\/p>\n","protected":false},"author":4,"featured_media":0,"parent":89,"menu_order":0,"comment_status":"closed","ping_status":"closed","template":"","meta":{"inline_featured_image":false,"neve_meta_sidebar":"","neve_meta_container":"","neve_meta_enable_content_width":"","neve_meta_content_width":0,"neve_meta_title_alignment":"","neve_meta_author_avatar":"","neve_post_elements_order":"","neve_meta_disable_header":"","neve_meta_disable_footer":"","neve_meta_disable_title":"","footnotes":""},"class_list":["post-135","page","type-page","status-publish","hentry"],"_links":{"self":[{"href":"https:\/\/www.tonlek.org\/se\/wp-json\/wp\/v2\/pages\/135","targetHints":{"allow":["GET"]}}],"collection":[{"href":"https:\/\/www.tonlek.org\/se\/wp-json\/wp\/v2\/pages"}],"about":[{"href":"https:\/\/www.tonlek.org\/se\/wp-json\/wp\/v2\/types\/page"}],"author":[{"embeddable":true,"href":"https:\/\/www.tonlek.org\/se\/wp-json\/wp\/v2\/users\/4"}],"replies":[{"embeddable":true,"href":"https:\/\/www.tonlek.org\/se\/wp-json\/wp\/v2\/comments?post=135"}],"version-history":[{"count":40,"href":"https:\/\/www.tonlek.org\/se\/wp-json\/wp\/v2\/pages\/135\/revisions"}],"predecessor-version":[{"id":821,"href":"https:\/\/www.tonlek.org\/se\/wp-json\/wp\/v2\/pages\/135\/revisions\/821"}],"up":[{"embeddable":true,"href":"https:\/\/www.tonlek.org\/se\/wp-json\/wp\/v2\/pages\/89"}],"wp:attachment":[{"href":"https:\/\/www.tonlek.org\/se\/wp-json\/wp\/v2\/media?parent=135"}],"curies":[{"name":"wp","href":"https:\/\/api.w.org\/{rel}","templated":true}]}}