{"id":103,"date":"2023-03-22T13:14:00","date_gmt":"2023-03-22T12:14:00","guid":{"rendered":"https:\/\/tonlek.dev.rumforum.se\/se\/?page_id=103"},"modified":"2024-09-20T22:04:34","modified_gmt":"2024-09-20T20:04:34","slug":"historien-bakom-tonlek","status":"publish","type":"page","link":"https:\/\/www.tonlek.org\/se\/om-tonlek\/historien-bakom-tonlek\/","title":{"rendered":"Historien bakom T\u00f3nlek"},"content":{"rendered":"\n<p>Id\u00e9n med T\u00f3nlek \u00e4r att skapa ett samarbete mellan deltagare fr\u00e5n de nordiska l\u00e4nderna med musik som ett gemensamt spr\u00e5k.  Deltagarna f\u00e5r v\u00e4nner fr\u00e5n hela Norden, utforskar gamla nordiska traditioner, likheter och skillnader i folkmusik och dans och inspirerar varandra genom olika s\u00e4tt att musicera och l\u00e4ra. \u00c4ven pedagoger byter erfarenheter och utmanas i \u00f6vningar med elever fr\u00e5n hela Norden p\u00e5 alla niv\u00e5er.<\/p>\n\n\n\n<p>T\u00f3nlek har genomf\u00f6rts i mer \u00e4n tio \u00e5r med start 2012. Det har genomf\u00f6rts i Norge, Danmark, Finland, Sverige och p\u00e5 F\u00e4r\u00f6rarna. Initiativtagaren var Mette Hanskov, solobasist i Det Kongelige Kapel i K\u00f6penhamn. Genom \u00e5ren har kursen utvecklats och \u00e4r i sin nuvarande form ett \u00e5rligt \u00e5terkommande event med en unik kombination av individuell undervisning, orkesterspel p\u00e5 h\u00f6g niv\u00e5 och social m\u00e5ngfald. <\/p>\n\n\n\n<p>T\u00f3nlek 2022 arrangerades som ett nordiskt samarbete mellan RUM (Riksf\u00f6rbundet Unga Musikanter) i Sverige, Hima, Musik og Ungdom i Danmark, och den nordiska f\u00f6reningen n\u00e4tverket NYSS, som 2023 ocks\u00e5 tog namnet T\u00f3nlek. <\/p>\n\n\n\n<p>Pedagogisk ledare och nordisk koordinator \u00e4r Anne Marie Kj\u00e6rulff, violinist i DR Symfoniorkester och l\u00e4rare p\u00e5 Goldschimdts Musikakademi i K\u00f6benhamn. Kursen arrangeras i t\u00e4tt samarbete mellam&nbsp;Musik og Ungdom&nbsp;i Danmark och&nbsp;Riksf\u00f6rbundet Unga Musikanter&nbsp;i Sverige. <\/p>\n\n\n\n<div style=\"height:26px\" aria-hidden=\"true\" class=\"wp-block-spacer\"><\/div>\n\n\n\n<div class=\"wp-block-columns is-layout-flex wp-container-core-columns-is-layout-9d6595d7 wp-block-columns-is-layout-flex\">\n<div class=\"wp-block-column is-layout-flow wp-block-column-is-layout-flow\">\n<figure class=\"wp-block-image size-large\"><a href=\"https:\/\/www.tonlek.org\/se\/om-tonlek\/\"><img loading=\"lazy\" decoding=\"async\" width=\"1024\" height=\"683\" src=\"https:\/\/www.tonlek.org\/se\/wp-content\/uploads\/sites\/2\/2023\/03\/A718DDFC-26B3-46BB-95F8-BEEE183DA650-1024x683.jpeg\" alt=\"\" class=\"wp-image-56\" srcset=\"https:\/\/www.tonlek.org\/se\/wp-content\/uploads\/sites\/2\/2023\/03\/A718DDFC-26B3-46BB-95F8-BEEE183DA650-1024x683.jpeg 1024w, https:\/\/www.tonlek.org\/se\/wp-content\/uploads\/sites\/2\/2023\/03\/A718DDFC-26B3-46BB-95F8-BEEE183DA650-300x200.jpeg 300w, https:\/\/www.tonlek.org\/se\/wp-content\/uploads\/sites\/2\/2023\/03\/A718DDFC-26B3-46BB-95F8-BEEE183DA650-768x512.jpeg 768w, https:\/\/www.tonlek.org\/se\/wp-content\/uploads\/sites\/2\/2023\/03\/A718DDFC-26B3-46BB-95F8-BEEE183DA650-1536x1024.jpeg 1536w, https:\/\/www.tonlek.org\/se\/wp-content\/uploads\/sites\/2\/2023\/03\/A718DDFC-26B3-46BB-95F8-BEEE183DA650-2048x1365.jpeg 2048w, https:\/\/www.tonlek.org\/se\/wp-content\/uploads\/sites\/2\/2023\/03\/A718DDFC-26B3-46BB-95F8-BEEE183DA650-930x620.jpeg 930w\" sizes=\"auto, (max-width: 1024px) 100vw, 1024px\" \/><\/a><\/figure>\n\n\n\n<div style=\"height:14px\" aria-hidden=\"true\" class=\"wp-block-spacer\"><\/div>\n\n\n\n<h4 class=\"wp-block-heading has-text-align-center\"><a href=\"https:\/\/www.tonlek.org\/se\/om-tonlek\/\">Om T\u00f3nlek<\/a><\/h4>\n\n\n\n<p>T\u00f3nlek&nbsp;\u00e4r en m\u00f6tesplats f\u00f6r unga str\u00e5kinstrumentalisterfr\u00e5n hela Norden, f\u00f6r musiker och pedagoger samt f\u00f6r musikf\u00f6rbund av olika slag.<\/p>\n<\/div>\n\n\n\n<div class=\"wp-block-column is-layout-flow wp-block-column-is-layout-flow\">\n<figure class=\"wp-block-image size-large\"><img loading=\"lazy\" decoding=\"async\" width=\"1024\" height=\"683\" src=\"https:\/\/www.tonlek.org\/se\/wp-content\/uploads\/sites\/2\/2023\/03\/B1F64B0D-1902-4B30-B91F-39147CB15AC2-1024x683.jpeg\" alt=\"\" class=\"wp-image-58\" srcset=\"https:\/\/www.tonlek.org\/se\/wp-content\/uploads\/sites\/2\/2023\/03\/B1F64B0D-1902-4B30-B91F-39147CB15AC2-1024x683.jpeg 1024w, https:\/\/www.tonlek.org\/se\/wp-content\/uploads\/sites\/2\/2023\/03\/B1F64B0D-1902-4B30-B91F-39147CB15AC2-300x200.jpeg 300w, https:\/\/www.tonlek.org\/se\/wp-content\/uploads\/sites\/2\/2023\/03\/B1F64B0D-1902-4B30-B91F-39147CB15AC2-768x512.jpeg 768w, https:\/\/www.tonlek.org\/se\/wp-content\/uploads\/sites\/2\/2023\/03\/B1F64B0D-1902-4B30-B91F-39147CB15AC2-1536x1024.jpeg 1536w, https:\/\/www.tonlek.org\/se\/wp-content\/uploads\/sites\/2\/2023\/03\/B1F64B0D-1902-4B30-B91F-39147CB15AC2-2048x1366.jpeg 2048w, https:\/\/www.tonlek.org\/se\/wp-content\/uploads\/sites\/2\/2023\/03\/B1F64B0D-1902-4B30-B91F-39147CB15AC2-930x620.jpeg 930w\" sizes=\"auto, (max-width: 1024px) 100vw, 1024px\" \/><\/figure>\n\n\n\n<div style=\"height:15px\" aria-hidden=\"true\" class=\"wp-block-spacer\"><\/div>\n\n\n\n<h4 class=\"wp-block-heading has-text-align-center\"><a href=\"https:\/\/www.tonlek.org\/se\/vardegrund\/\">V\u00e4rdegrund<\/a><\/h4>\n\n\n\n<p>T\u00f3nlek st\u00e5r f\u00f6r en h\u00e5llbar utveckling i Norden, f\u00f6r j\u00e4mlikhet och j\u00e4mst\u00e4lldhet samt f\u00f6r barn och ungas r\u00e4tt att bli h\u00f6rda och f\u00e5 inflytande \u00f6ver sin egen situation.<\/p>\n<\/div>\n\n\n\n<div class=\"wp-block-column is-layout-flow wp-block-column-is-layout-flow\">\n<figure class=\"wp-block-image size-large\"><a href=\"https:\/\/www.tonlek.org\/se\/tonlekstinget\/\"><img loading=\"lazy\" decoding=\"async\" width=\"1024\" height=\"683\" src=\"https:\/\/www.tonlek.org\/se\/wp-content\/uploads\/sites\/2\/2023\/03\/DA90756E-670F-4F52-B37F-C0A0159EE8CA-1024x683.jpeg\" alt=\"\" class=\"wp-image-63\" srcset=\"https:\/\/www.tonlek.org\/se\/wp-content\/uploads\/sites\/2\/2023\/03\/DA90756E-670F-4F52-B37F-C0A0159EE8CA-1024x683.jpeg 1024w, https:\/\/www.tonlek.org\/se\/wp-content\/uploads\/sites\/2\/2023\/03\/DA90756E-670F-4F52-B37F-C0A0159EE8CA-300x200.jpeg 300w, https:\/\/www.tonlek.org\/se\/wp-content\/uploads\/sites\/2\/2023\/03\/DA90756E-670F-4F52-B37F-C0A0159EE8CA-768x512.jpeg 768w, https:\/\/www.tonlek.org\/se\/wp-content\/uploads\/sites\/2\/2023\/03\/DA90756E-670F-4F52-B37F-C0A0159EE8CA-1536x1024.jpeg 1536w, https:\/\/www.tonlek.org\/se\/wp-content\/uploads\/sites\/2\/2023\/03\/DA90756E-670F-4F52-B37F-C0A0159EE8CA-2048x1366.jpeg 2048w, https:\/\/www.tonlek.org\/se\/wp-content\/uploads\/sites\/2\/2023\/03\/DA90756E-670F-4F52-B37F-C0A0159EE8CA-930x620.jpeg 930w\" sizes=\"auto, (max-width: 1024px) 100vw, 1024px\" \/><\/a><\/figure>\n\n\n\n<div style=\"height:15px\" aria-hidden=\"true\" class=\"wp-block-spacer\"><\/div>\n\n\n\n<h4 class=\"wp-block-heading has-text-align-center\"><a href=\"https:\/\/www.tonlek.org\/se\/tonlekstinget\/\">T\u00f3nlekstinget<\/a><\/h4>\n\n\n\n<p>T\u00f3nlekstinget \u00e4r forumet f\u00f6r dig som vill ha inflytande \u00f6ver kursen och aktiviteterna. Du anm\u00e4ler dig till T\u00f3nlekstinget n\u00e4r du anm\u00e4ler dig till kursen.<\/p>\n<\/div>\n<\/div>\n\n\n\n<div style=\"height:26px\" aria-hidden=\"true\" class=\"wp-block-spacer\"><\/div>\n","protected":false},"excerpt":{"rendered":"<p>Id\u00e9n med T\u00f3nlek \u00e4r att skapa ett samarbete mellan deltagare fr\u00e5n de nordiska l\u00e4nderna med musik som ett gemensamt spr\u00e5k. Deltagarna f\u00e5r v\u00e4nner fr\u00e5n hela Norden, utforskar gamla nordiska traditioner, likheter och skillnader i folkmusik och dans och inspirerar varandra genom olika s\u00e4tt att musicera och l\u00e4ra. \u00c4ven pedagoger byter erfarenheter och utmanas i \u00f6vningar&hellip;&nbsp;<a href=\"https:\/\/www.tonlek.org\/se\/om-tonlek\/historien-bakom-tonlek\/\" rel=\"bookmark\"><span class=\"screen-reader-text\">Historien bakom T\u00f3nlek<\/span><\/a><\/p>\n","protected":false},"author":2,"featured_media":0,"parent":16,"menu_order":0,"comment_status":"closed","ping_status":"closed","template":"","meta":{"inline_featured_image":false,"neve_meta_sidebar":"","neve_meta_container":"","neve_meta_enable_content_width":"","neve_meta_content_width":0,"neve_meta_title_alignment":"","neve_meta_author_avatar":"","neve_post_elements_order":"","neve_meta_disable_header":"","neve_meta_disable_footer":"on","neve_meta_disable_title":"","footnotes":""},"class_list":["post-103","page","type-page","status-publish","hentry"],"_links":{"self":[{"href":"https:\/\/www.tonlek.org\/se\/wp-json\/wp\/v2\/pages\/103","targetHints":{"allow":["GET"]}}],"collection":[{"href":"https:\/\/www.tonlek.org\/se\/wp-json\/wp\/v2\/pages"}],"about":[{"href":"https:\/\/www.tonlek.org\/se\/wp-json\/wp\/v2\/types\/page"}],"author":[{"embeddable":true,"href":"https:\/\/www.tonlek.org\/se\/wp-json\/wp\/v2\/users\/2"}],"replies":[{"embeddable":true,"href":"https:\/\/www.tonlek.org\/se\/wp-json\/wp\/v2\/comments?post=103"}],"version-history":[{"count":10,"href":"https:\/\/www.tonlek.org\/se\/wp-json\/wp\/v2\/pages\/103\/revisions"}],"predecessor-version":[{"id":536,"href":"https:\/\/www.tonlek.org\/se\/wp-json\/wp\/v2\/pages\/103\/revisions\/536"}],"up":[{"embeddable":true,"href":"https:\/\/www.tonlek.org\/se\/wp-json\/wp\/v2\/pages\/16"}],"wp:attachment":[{"href":"https:\/\/www.tonlek.org\/se\/wp-json\/wp\/v2\/media?parent=103"}],"curies":[{"name":"wp","href":"https:\/\/api.w.org\/{rel}","templated":true}]}}