{"id":89,"date":"2023-03-22T13:03:16","date_gmt":"2023-03-22T12:03:16","guid":{"rendered":"https:\/\/tonlek.dev.rumforum.se\/dk\/?page_id=89"},"modified":"2025-12-14T21:30:33","modified_gmt":"2025-12-14T20:30:33","slug":"tonlek","status":"publish","type":"page","link":"https:\/\/www.tonlek.org\/dk\/tonlek\/","title":{"rendered":"T\u00f3nlek 2026"},"content":{"rendered":"\n<p>I 2026 bliver kurset afholdt p\u00e5 Lunnevads folkh\u00f6gskola i Sverige, 2-8 august. Ligesom sidste \u00e5r har vi en dirigent i topklasse p\u00e5 plads, og repertoiret for alle orkestrene begynder at tage form. Alt er klar til et fantastisk kursus!<\/p>\n\n\n\n<p>Tilmeldingen til T\u00f3nlek 2026 er \u00e5ben!<\/p>\n\n\n\n<div class=\"wp-block-buttons is-layout-flex wp-block-buttons-is-layout-flex\">\n<div class=\"wp-block-button\"><a class=\"wp-block-button__link has-neve-text-color-color has-text-color has-background has-link-color wp-element-button\" href=\"https:\/\/forms.gle\/GEjmiRpYD4Aw9aW6A\" style=\"background-color:#c7e1f5\" target=\"_blank\" rel=\"noreferrer noopener\">Klik her for at tilmelde dig til T\u00f3nlek 2026<\/a><\/div>\n<\/div>\n\n\n\n<div style=\"height:40px\" aria-hidden=\"true\" class=\"wp-block-spacer\"><\/div>\n\n\n\n<div class=\"wp-block-columns is-layout-flex wp-container-core-columns-is-layout-9d6595d7 wp-block-columns-is-layout-flex\">\n<div class=\"wp-block-column is-layout-flow wp-block-column-is-layout-flow\"><div class=\"wp-block-image\">\n<figure class=\"aligncenter size-large\"><img loading=\"lazy\" decoding=\"async\" width=\"1024\" height=\"683\" src=\"https:\/\/www.tonlek.org\/dk\/wp-content\/uploads\/sites\/7\/2023\/03\/FC63F800-8B1E-41D1-A848-4D9A83598F4B-1024x683.jpeg\" alt=\"\" class=\"wp-image-43\" srcset=\"https:\/\/www.tonlek.org\/dk\/wp-content\/uploads\/sites\/7\/2023\/03\/FC63F800-8B1E-41D1-A848-4D9A83598F4B-1024x683.jpeg 1024w, https:\/\/www.tonlek.org\/dk\/wp-content\/uploads\/sites\/7\/2023\/03\/FC63F800-8B1E-41D1-A848-4D9A83598F4B-300x200.jpeg 300w, https:\/\/www.tonlek.org\/dk\/wp-content\/uploads\/sites\/7\/2023\/03\/FC63F800-8B1E-41D1-A848-4D9A83598F4B-768x512.jpeg 768w, https:\/\/www.tonlek.org\/dk\/wp-content\/uploads\/sites\/7\/2023\/03\/FC63F800-8B1E-41D1-A848-4D9A83598F4B-1536x1024.jpeg 1536w, https:\/\/www.tonlek.org\/dk\/wp-content\/uploads\/sites\/7\/2023\/03\/FC63F800-8B1E-41D1-A848-4D9A83598F4B-2048x1366.jpeg 2048w, https:\/\/www.tonlek.org\/dk\/wp-content\/uploads\/sites\/7\/2023\/03\/FC63F800-8B1E-41D1-A848-4D9A83598F4B-930x620.jpeg 930w\" sizes=\"auto, (max-width: 1024px) 100vw, 1024px\" \/><\/figure>\n<\/div>\n\n\n<div style=\"height:15px\" aria-hidden=\"true\" class=\"wp-block-spacer\"><\/div>\n\n\n\n<h4 class=\"wp-block-heading has-text-align-center\"><a href=\"https:\/\/www.tonlek.org\/dk\/dirigent-og-laerere\/\">Dirigent og l\u00e6rere<\/a><\/h4>\n\n\n\n<p>Herunder kan du l\u00e6se mere om vores dirigent og alle l\u00e6rere p\u00e5 Tonlek.<\/p>\n<\/div>\n\n\n\n<div class=\"wp-block-column is-layout-flow wp-block-column-is-layout-flow\"><div class=\"wp-block-image\">\n<figure class=\"aligncenter size-large\"><img loading=\"lazy\" decoding=\"async\" width=\"1024\" height=\"683\" src=\"https:\/\/www.tonlek.org\/dk\/wp-content\/uploads\/sites\/7\/2023\/03\/632346A9-4E6D-420E-B70D-C88BF370977D-1024x683.jpeg\" alt=\"\" class=\"wp-image-64\" srcset=\"https:\/\/www.tonlek.org\/dk\/wp-content\/uploads\/sites\/7\/2023\/03\/632346A9-4E6D-420E-B70D-C88BF370977D-1024x683.jpeg 1024w, https:\/\/www.tonlek.org\/dk\/wp-content\/uploads\/sites\/7\/2023\/03\/632346A9-4E6D-420E-B70D-C88BF370977D-300x200.jpeg 300w, https:\/\/www.tonlek.org\/dk\/wp-content\/uploads\/sites\/7\/2023\/03\/632346A9-4E6D-420E-B70D-C88BF370977D-768x512.jpeg 768w, https:\/\/www.tonlek.org\/dk\/wp-content\/uploads\/sites\/7\/2023\/03\/632346A9-4E6D-420E-B70D-C88BF370977D-1536x1024.jpeg 1536w, https:\/\/www.tonlek.org\/dk\/wp-content\/uploads\/sites\/7\/2023\/03\/632346A9-4E6D-420E-B70D-C88BF370977D-2048x1366.jpeg 2048w, https:\/\/www.tonlek.org\/dk\/wp-content\/uploads\/sites\/7\/2023\/03\/632346A9-4E6D-420E-B70D-C88BF370977D-930x620.jpeg 930w\" sizes=\"auto, (max-width: 1024px) 100vw, 1024px\" \/><\/figure>\n<\/div>\n\n\n<div style=\"height:15px\" aria-hidden=\"true\" class=\"wp-block-spacer\"><\/div>\n\n\n\n<h4 class=\"wp-block-heading has-text-align-center\"><a href=\"https:\/\/www.tonlek.org\/dk\/repertoire-og-noder\/\">Repertoire og noder<\/a> <\/h4>\n\n\n\n<p>Her finder du brutto repertoire til alle orkestre sammen med noder og links til lyd.<\/p>\n<\/div>\n\n\n\n<div class=\"wp-block-column is-layout-flow wp-block-column-is-layout-flow\"><div class=\"wp-block-image\">\n<figure class=\"aligncenter size-large\"><img loading=\"lazy\" decoding=\"async\" width=\"1024\" height=\"683\" src=\"https:\/\/www.tonlek.org\/dk\/wp-content\/uploads\/sites\/7\/2023\/03\/D43B6977-344D-4320-90E1-2394559F0239-1024x683.jpeg\" alt=\"\" class=\"wp-image-62\" srcset=\"https:\/\/www.tonlek.org\/dk\/wp-content\/uploads\/sites\/7\/2023\/03\/D43B6977-344D-4320-90E1-2394559F0239-1024x683.jpeg 1024w, https:\/\/www.tonlek.org\/dk\/wp-content\/uploads\/sites\/7\/2023\/03\/D43B6977-344D-4320-90E1-2394559F0239-300x200.jpeg 300w, https:\/\/www.tonlek.org\/dk\/wp-content\/uploads\/sites\/7\/2023\/03\/D43B6977-344D-4320-90E1-2394559F0239-768x512.jpeg 768w, https:\/\/www.tonlek.org\/dk\/wp-content\/uploads\/sites\/7\/2023\/03\/D43B6977-344D-4320-90E1-2394559F0239-1536x1024.jpeg 1536w, https:\/\/www.tonlek.org\/dk\/wp-content\/uploads\/sites\/7\/2023\/03\/D43B6977-344D-4320-90E1-2394559F0239-2048x1366.jpeg 2048w, https:\/\/www.tonlek.org\/dk\/wp-content\/uploads\/sites\/7\/2023\/03\/D43B6977-344D-4320-90E1-2394559F0239-930x620.jpeg 930w\" sizes=\"auto, (max-width: 1024px) 100vw, 1024px\" \/><\/figure>\n<\/div>\n\n\n<div style=\"height:15px\" aria-hidden=\"true\" class=\"wp-block-spacer\"><\/div>\n\n\n\n<h4 class=\"wp-block-heading has-text-align-center\"><a href=\"https:\/\/www.tonlek.org\/dk\/praktiske-oplysninger\/\">Praktiske oplysninger<\/a><\/h4>\n\n\n\n<p>Alt om det praktiske, tilmelding, sted, tid, kost og logi samt pris.<\/p>\n<\/div>\n<\/div>\n\n\n\n<p><\/p>\n\n\n\n<p><\/p>\n","protected":false},"excerpt":{"rendered":"<p>I 2026 bliver kurset afholdt p\u00e5 Lunnevads folkh\u00f6gskola i Sverige, 2-8 august. Ligesom sidste \u00e5r har vi en dirigent i topklasse p\u00e5 plads, og repertoiret for alle orkestrene begynder at tage form. Alt er klar til et fantastisk kursus! Tilmeldingen til T\u00f3nlek 2026 er \u00e5ben! Dirigent og l\u00e6rere Herunder kan du l\u00e6se mere om vores&hellip;&nbsp;<a href=\"https:\/\/www.tonlek.org\/dk\/tonlek\/\" rel=\"bookmark\"><span class=\"screen-reader-text\">T\u00f3nlek 2026<\/span><\/a><\/p>\n","protected":false},"author":2,"featured_media":0,"parent":0,"menu_order":0,"comment_status":"closed","ping_status":"closed","template":"","meta":{"inline_featured_image":false,"neve_meta_sidebar":"","neve_meta_container":"","neve_meta_enable_content_width":"","neve_meta_content_width":0,"neve_meta_title_alignment":"","neve_meta_author_avatar":"","neve_post_elements_order":"","neve_meta_disable_header":"","neve_meta_disable_footer":"on","neve_meta_disable_title":"","footnotes":""},"class_list":["post-89","page","type-page","status-publish","hentry"],"_links":{"self":[{"href":"https:\/\/www.tonlek.org\/dk\/wp-json\/wp\/v2\/pages\/89","targetHints":{"allow":["GET"]}}],"collection":[{"href":"https:\/\/www.tonlek.org\/dk\/wp-json\/wp\/v2\/pages"}],"about":[{"href":"https:\/\/www.tonlek.org\/dk\/wp-json\/wp\/v2\/types\/page"}],"author":[{"embeddable":true,"href":"https:\/\/www.tonlek.org\/dk\/wp-json\/wp\/v2\/users\/2"}],"replies":[{"embeddable":true,"href":"https:\/\/www.tonlek.org\/dk\/wp-json\/wp\/v2\/comments?post=89"}],"version-history":[{"count":39,"href":"https:\/\/www.tonlek.org\/dk\/wp-json\/wp\/v2\/pages\/89\/revisions"}],"predecessor-version":[{"id":878,"href":"https:\/\/www.tonlek.org\/dk\/wp-json\/wp\/v2\/pages\/89\/revisions\/878"}],"wp:attachment":[{"href":"https:\/\/www.tonlek.org\/dk\/wp-json\/wp\/v2\/media?parent=89"}],"curies":[{"name":"wp","href":"https:\/\/api.w.org\/{rel}","templated":true}]}}