{"id":771,"date":"2024-12-09T14:22:05","date_gmt":"2024-12-09T13:22:05","guid":{"rendered":"https:\/\/www.tonlek.org\/dk\/?page_id=771"},"modified":"2024-12-09T14:40:34","modified_gmt":"2024-12-09T13:40:34","slug":"samarbejde-og-forskning","status":"publish","type":"page","link":"https:\/\/www.tonlek.org\/dk\/samarbejde-og-forskning\/","title":{"rendered":"Samarbejde og forskning"},"content":{"rendered":"\n<p>Forskere og antropologer &nbsp;Hanne Bess Boelsbjerg og Morten Bo Larsen fra \u00c5rhus Universitet har, med st\u00f8tte fra Clara Lachmanns Stiftelse, gennem interviews unders\u00f8gt hvordan b\u00f8rn og unge, ogs\u00e5 dem med s\u00e6rlige udfordringer, kan vokse i musikken, og blive en del af et f\u00e6llesskab.<\/p>\n\n\n\n<p>Denne film er et produkt af unders\u00f8gelsen.<\/p>\n\n\n\n<figure class=\"wp-block-embed is-type-video is-provider-youtube wp-block-embed-youtube wp-embed-aspect-16-9 wp-has-aspect-ratio\"><div class=\"wp-block-embed__wrapper\">\n<div class=\"nv-iframe-embed\"><iframe loading=\"lazy\" title=\"To\u0301nlek \u2013 At vokse i musikken\" width=\"1200\" height=\"675\" src=\"https:\/\/www.youtube.com\/embed\/pu2plWLLces?feature=oembed\" frameborder=\"0\" allow=\"accelerometer; autoplay; clipboard-write; encrypted-media; gyroscope; picture-in-picture; web-share\" referrerpolicy=\"strict-origin-when-cross-origin\" allowfullscreen><\/iframe><\/div>\n<\/div><\/figure>\n\n\n\n<p>I <a href=\"https:\/\/www.tonlek.org\/dk\/wp-content\/uploads\/sites\/7\/2024\/12\/At-vokse-i-Musikken-Tonlek.pdf\" target=\"_blank\" rel=\"noreferrer noopener\">denne rapport<\/a> kan man l\u00e6se om unders\u00f8gelsen. Vi \u00f8nsker at give de unge de bedste muligheder for at vokse i musikken og finde sammen i et f\u00e6llesskab p\u00e5 tv\u00e6rs af sprog, kultur, alder og sociale barrierer. Derfor samarbejder vi med forskere, for at blive klogere p\u00e5 hvad musikken g\u00f8r, og hvordan vi kan bruge musikken til at n\u00e5 hinanden.&nbsp;<\/p>\n","protected":false},"excerpt":{"rendered":"<p>Forskere og antropologer &nbsp;Hanne Bess Boelsbjerg og Morten Bo Larsen fra \u00c5rhus Universitet har, med st\u00f8tte fra Clara Lachmanns Stiftelse, gennem interviews unders\u00f8gt hvordan b\u00f8rn og unge, ogs\u00e5 dem med s\u00e6rlige udfordringer, kan vokse i musikken, og blive en del af et f\u00e6llesskab. Denne film er et produkt af unders\u00f8gelsen. I denne rapport kan man&hellip;&nbsp;<a href=\"https:\/\/www.tonlek.org\/dk\/samarbejde-og-forskning\/\" rel=\"bookmark\"><span class=\"screen-reader-text\">Samarbejde og forskning<\/span><\/a><\/p>\n","protected":false},"author":2,"featured_media":0,"parent":0,"menu_order":0,"comment_status":"closed","ping_status":"closed","template":"","meta":{"inline_featured_image":false,"neve_meta_sidebar":"","neve_meta_container":"","neve_meta_enable_content_width":"","neve_meta_content_width":0,"neve_meta_title_alignment":"","neve_meta_author_avatar":"","neve_post_elements_order":"","neve_meta_disable_header":"","neve_meta_disable_footer":"","neve_meta_disable_title":"","footnotes":""},"class_list":["post-771","page","type-page","status-publish","hentry"],"_links":{"self":[{"href":"https:\/\/www.tonlek.org\/dk\/wp-json\/wp\/v2\/pages\/771","targetHints":{"allow":["GET"]}}],"collection":[{"href":"https:\/\/www.tonlek.org\/dk\/wp-json\/wp\/v2\/pages"}],"about":[{"href":"https:\/\/www.tonlek.org\/dk\/wp-json\/wp\/v2\/types\/page"}],"author":[{"embeddable":true,"href":"https:\/\/www.tonlek.org\/dk\/wp-json\/wp\/v2\/users\/2"}],"replies":[{"embeddable":true,"href":"https:\/\/www.tonlek.org\/dk\/wp-json\/wp\/v2\/comments?post=771"}],"version-history":[{"count":2,"href":"https:\/\/www.tonlek.org\/dk\/wp-json\/wp\/v2\/pages\/771\/revisions"}],"predecessor-version":[{"id":776,"href":"https:\/\/www.tonlek.org\/dk\/wp-json\/wp\/v2\/pages\/771\/revisions\/776"}],"wp:attachment":[{"href":"https:\/\/www.tonlek.org\/dk\/wp-json\/wp\/v2\/media?parent=771"}],"curies":[{"name":"wp","href":"https:\/\/api.w.org\/{rel}","templated":true}]}}