{"id":29,"date":"2023-02-08T21:03:41","date_gmt":"2023-02-08T20:03:41","guid":{"rendered":"https:\/\/tonlek.dev.rumforum.se\/dk\/?page_id=29"},"modified":"2024-12-03T20:58:50","modified_gmt":"2024-12-03T19:58:50","slug":"vaerdigrundlag","status":"publish","type":"page","link":"https:\/\/www.tonlek.org\/dk\/om-tonlek\/vaerdigrundlag\/","title":{"rendered":"V\u00e6rdigrundlag"},"content":{"rendered":"\n<p>T\u00f3nlek st\u00e5r for en b\u00e6redygtig udvikling i Norden, for lighed og ligestilling samt for b\u00f8rns og unges ret til at blive h\u00f8rt og have indflydelse p\u00e5 egen situation.<\/p>\n\n\n\n<h5 class=\"wp-block-heading\"><strong>Holdbar og b\u00e6redygtig udvikling<\/strong><\/h5>\n\n\n\n<p>T\u00f3nlek arbejder for en holdbar udvikling i Norden. Vores deltagere er j\u00e6vnt fordelt mellem kvinder og m\u00e6nd, og er fordomsfri overfor andre k\u00f8nsidentiteter. Alle religioner og overbevisninger er velkomne. Vi arbejder meget bevist med at inkludere b\u00f8rn med s\u00e6rlige udfordringer, som netop i musikken kan finde et f\u00e6llesskab og en sammenh\u00f8righed med andre b\u00f8rn, p\u00e5 trods af sprogbarrierer og andre forskelle.<\/p>\n\n\n\n<p>B\u00f8rnene inddrages i beslutningsprocesser vedr\u00f8rende indhold: repertoire og aktiviteter. Vi st\u00f8tter deres initiativ, er tydelige i beskrivelsen af hvilke roller de kan have i planl\u00e6gningsfasen, respektfulde over for deres ideer. Deres engagement er frivilligt. B\u00f8rnene orienteres om og inddrages i den beskrivelse vi fors\u00f8ger at lave af orkestrets som samfundsmodel, og b\u00f8rnene er med til at evaluere kurset, b\u00e5de praktisk p\u00e6dagogisk og emotionelt.<\/p>\n\n\n\n<h5 class=\"wp-block-heading\"><strong>Ligestilling<\/strong><\/h5>\n\n\n\n<p>Ligestilling et italesat princip p\u00e5 T\u00f3nlek. Alle er ligestillede uanset k\u00f8n, seksuel orientering, race, religion eller politisk overbevisning.<\/p>\n\n\n\n<p>Rollemodeller b\u00e5de l\u00e6rere og \u00e6ldre elever, er ligeledes j\u00e6vnt fordelt mellem k\u00f8nnene, og ligestilling er et princip, som vi arbejder med musikalsk: skiftevis lytte og akkompagnere, skiftevis tage initiativ. Alle uanset alder, instrument, niveau og social position er en del af den f\u00e6lles lyd, den f\u00e6lles musik, den f\u00e6lles fort\u00e6lling. I musikken oph\u00e6ves forskellene, alle skal turde satse og fejle, vi skal vise mod for at udtrykke f\u00f8lelser, og det er det musikken handler om. Alle f\u00e5r lov at spille til elevkoncerter, alle er en del af den kreative proces- alle ideer f\u00e5r plads i folkedans, crazy night, elevkoncerter- alle er med i orkesterf\u00e6lleskabet.<\/p>\n\n\n\n<p>Vi udtrykker ligestilling i vores materiale, vores arbejde, vores samv\u00e6r og vores evaluering.<\/p>\n\n\n\n<h5 class=\"wp-block-heading\"><strong>B\u00f8rn- og ungdomsperspektivet<\/strong><\/h5>\n\n\n\n<p>B\u00f8rn og unge har ret til at blive h\u00f8rt og have indflydelse p\u00e5 deres egen situation. P\u00e5 T\u00f3nlek bliver b\u00f8rnene h\u00f8rt, b\u00e5de n\u00e5r de spiller, og i dialogen om undervisningen. F\u00f8r kurset f\u00e5r de mulighed for at f\u00e5 indflydelse p\u00e5 repertoire og aktiviteter. P\u00c5 kurset er der hver dag b\u00e5de individuel undervisning og orkesterspil, hvor l\u00e6rerne er i konstant dialog med b\u00f8rnene om: hvad er vigtigt? hvad er sv\u00e6rt? hvordan kommer vi videre? Det b\u00f8rnene finder vigtigt- det ER vigtigt<\/p>\n\n\n\n<p>I processen om elevkoncerter, folkemusik, individuel \u00f8vning og andre f\u00e6llesaktiviteter, er b\u00f8rnenes initiativ og engagement en vigtig drivkraft. De er med b\u00e5de i planl\u00e6gning, udf\u00f8relse og evaluering. B\u00f8rnene har direkte kontakt, b\u00e5de med l\u00e6rere, dirigent, projektleder. Hver morgen er der samling, hvor alle kan tale og stille sp\u00f8rgsm\u00e5l. B\u00e5de rettigheder, tryghed og medindflydelse formidles klart i vores materiale og i vores approach til b\u00f8rnene.<\/p>\n\n\n\n<div style=\"height:28px\" aria-hidden=\"true\" class=\"wp-block-spacer\"><\/div>\n\n\n\n<div class=\"wp-block-columns is-layout-flex wp-container-core-columns-is-layout-9d6595d7 wp-block-columns-is-layout-flex\">\n<div class=\"wp-block-column is-layout-flow wp-block-column-is-layout-flow\">\n<figure class=\"wp-block-image size-large\"><a href=\"https:\/\/www.tonlek.org\/dk\/om-tonlek\/\"><img loading=\"lazy\" decoding=\"async\" width=\"1024\" height=\"683\" src=\"https:\/\/www.tonlek.org\/dk\/wp-content\/uploads\/sites\/7\/2023\/03\/A718DDFC-26B3-46BB-95F8-BEEE183DA650-1024x683.jpeg\" alt=\"\" class=\"wp-image-56\" srcset=\"https:\/\/www.tonlek.org\/dk\/wp-content\/uploads\/sites\/7\/2023\/03\/A718DDFC-26B3-46BB-95F8-BEEE183DA650-1024x683.jpeg 1024w, https:\/\/www.tonlek.org\/dk\/wp-content\/uploads\/sites\/7\/2023\/03\/A718DDFC-26B3-46BB-95F8-BEEE183DA650-300x200.jpeg 300w, https:\/\/www.tonlek.org\/dk\/wp-content\/uploads\/sites\/7\/2023\/03\/A718DDFC-26B3-46BB-95F8-BEEE183DA650-768x512.jpeg 768w, https:\/\/www.tonlek.org\/dk\/wp-content\/uploads\/sites\/7\/2023\/03\/A718DDFC-26B3-46BB-95F8-BEEE183DA650-1536x1024.jpeg 1536w, https:\/\/www.tonlek.org\/dk\/wp-content\/uploads\/sites\/7\/2023\/03\/A718DDFC-26B3-46BB-95F8-BEEE183DA650-2048x1365.jpeg 2048w, https:\/\/www.tonlek.org\/dk\/wp-content\/uploads\/sites\/7\/2023\/03\/A718DDFC-26B3-46BB-95F8-BEEE183DA650-930x620.jpeg 930w\" sizes=\"auto, (max-width: 1024px) 100vw, 1024px\" \/><\/a><\/figure>\n\n\n\n<div style=\"height:15px\" aria-hidden=\"true\" class=\"wp-block-spacer\"><\/div>\n\n\n\n<h4 class=\"wp-block-heading has-text-align-center\"><a href=\"https:\/\/www.tonlek.org\/dk\/om-tonlek\/\">Om T\u00f3nlek<\/a><\/h4>\n\n\n\n<p>T\u00f3nlek er et m\u00f8dested for unge strygere fra hele Norden, for musikere, p\u00e6dagoger og musikorganisationer<\/p>\n<\/div>\n\n\n\n<div class=\"wp-block-column is-layout-flow wp-block-column-is-layout-flow\">\n<figure class=\"wp-block-image size-large\"><a href=\"https:\/\/www.tonlek.org\/dk\/historien-bakom-tonlek\/\"><img loading=\"lazy\" decoding=\"async\" width=\"1024\" height=\"683\" src=\"https:\/\/www.tonlek.org\/dk\/wp-content\/uploads\/sites\/7\/2023\/03\/632346A9-4E6D-420E-B70D-C88BF370977D-1024x683.jpeg\" alt=\"\" class=\"wp-image-64\" srcset=\"https:\/\/www.tonlek.org\/dk\/wp-content\/uploads\/sites\/7\/2023\/03\/632346A9-4E6D-420E-B70D-C88BF370977D-1024x683.jpeg 1024w, https:\/\/www.tonlek.org\/dk\/wp-content\/uploads\/sites\/7\/2023\/03\/632346A9-4E6D-420E-B70D-C88BF370977D-300x200.jpeg 300w, https:\/\/www.tonlek.org\/dk\/wp-content\/uploads\/sites\/7\/2023\/03\/632346A9-4E6D-420E-B70D-C88BF370977D-768x512.jpeg 768w, https:\/\/www.tonlek.org\/dk\/wp-content\/uploads\/sites\/7\/2023\/03\/632346A9-4E6D-420E-B70D-C88BF370977D-1536x1024.jpeg 1536w, https:\/\/www.tonlek.org\/dk\/wp-content\/uploads\/sites\/7\/2023\/03\/632346A9-4E6D-420E-B70D-C88BF370977D-2048x1366.jpeg 2048w, https:\/\/www.tonlek.org\/dk\/wp-content\/uploads\/sites\/7\/2023\/03\/632346A9-4E6D-420E-B70D-C88BF370977D-930x620.jpeg 930w\" sizes=\"auto, (max-width: 1024px) 100vw, 1024px\" \/><\/a><\/figure>\n\n\n\n<div style=\"height:14px\" aria-hidden=\"true\" class=\"wp-block-spacer\"><\/div>\n\n\n\n<h4 class=\"wp-block-heading has-text-align-center\"><a href=\"https:\/\/www.tonlek.org\/dk\/historien-bag-tonlek\/\">Historie<\/a><\/h4>\n\n\n\n<p>Ideen med T\u00f3nlek er at skabe et samarbejde mellem deltagerne fra de nordiske lande med musik som et f\u00e6lles sprog<\/p>\n<\/div>\n\n\n\n<div class=\"wp-block-column is-layout-flow wp-block-column-is-layout-flow\">\n<figure class=\"wp-block-image size-large\"><a href=\"https:\/\/www.tonlek.org\/dk\/tonlekstinget\/\"><img loading=\"lazy\" decoding=\"async\" width=\"1024\" height=\"683\" src=\"https:\/\/www.tonlek.org\/dk\/wp-content\/uploads\/sites\/7\/2023\/03\/DA90756E-670F-4F52-B37F-C0A0159EE8CA-1024x683.jpeg\" alt=\"\" class=\"wp-image-63\" srcset=\"https:\/\/www.tonlek.org\/dk\/wp-content\/uploads\/sites\/7\/2023\/03\/DA90756E-670F-4F52-B37F-C0A0159EE8CA-1024x683.jpeg 1024w, https:\/\/www.tonlek.org\/dk\/wp-content\/uploads\/sites\/7\/2023\/03\/DA90756E-670F-4F52-B37F-C0A0159EE8CA-300x200.jpeg 300w, https:\/\/www.tonlek.org\/dk\/wp-content\/uploads\/sites\/7\/2023\/03\/DA90756E-670F-4F52-B37F-C0A0159EE8CA-768x512.jpeg 768w, https:\/\/www.tonlek.org\/dk\/wp-content\/uploads\/sites\/7\/2023\/03\/DA90756E-670F-4F52-B37F-C0A0159EE8CA-1536x1024.jpeg 1536w, https:\/\/www.tonlek.org\/dk\/wp-content\/uploads\/sites\/7\/2023\/03\/DA90756E-670F-4F52-B37F-C0A0159EE8CA-2048x1366.jpeg 2048w, https:\/\/www.tonlek.org\/dk\/wp-content\/uploads\/sites\/7\/2023\/03\/DA90756E-670F-4F52-B37F-C0A0159EE8CA-930x620.jpeg 930w\" sizes=\"auto, (max-width: 1024px) 100vw, 1024px\" \/><\/a><\/figure>\n\n\n\n<div style=\"height:15px\" aria-hidden=\"true\" class=\"wp-block-spacer\"><\/div>\n\n\n\n<h4 class=\"wp-block-heading has-text-align-center\"><a href=\"https:\/\/www.tonlek.org\/dk\/tonlektinget\/\">T\u00f3nlektinget<\/a><\/h4>\n\n\n\n<p>T\u00f3nlektinget er forummet for dig som vil have indflydelse p\u00e5 kurset og aktiviteterne. Du tilmelder til T\u00f3nlektinget n\u00e5r du tilmelder dig til kurset.<\/p>\n<\/div>\n<\/div>\n","protected":false},"excerpt":{"rendered":"<p>T\u00f3nlek st\u00e5r for en b\u00e6redygtig udvikling i Norden, for lighed og ligestilling samt for b\u00f8rns og unges ret til at blive h\u00f8rt og have indflydelse p\u00e5 egen situation. Holdbar og b\u00e6redygtig udvikling T\u00f3nlek arbejder for en holdbar udvikling i Norden. Vores deltagere er j\u00e6vnt fordelt mellem kvinder og m\u00e6nd, og er fordomsfri overfor andre k\u00f8nsidentiteter.&hellip;&nbsp;<a href=\"https:\/\/www.tonlek.org\/dk\/om-tonlek\/vaerdigrundlag\/\" rel=\"bookmark\"><span class=\"screen-reader-text\">V\u00e6rdigrundlag<\/span><\/a><\/p>\n","protected":false},"author":2,"featured_media":0,"parent":16,"menu_order":0,"comment_status":"closed","ping_status":"closed","template":"","meta":{"inline_featured_image":false,"neve_meta_sidebar":"","neve_meta_container":"","neve_meta_enable_content_width":"","neve_meta_content_width":0,"neve_meta_title_alignment":"","neve_meta_author_avatar":"","neve_post_elements_order":"","neve_meta_disable_header":"","neve_meta_disable_footer":"on","neve_meta_disable_title":"","footnotes":""},"class_list":["post-29","page","type-page","status-publish","hentry"],"_links":{"self":[{"href":"https:\/\/www.tonlek.org\/dk\/wp-json\/wp\/v2\/pages\/29","targetHints":{"allow":["GET"]}}],"collection":[{"href":"https:\/\/www.tonlek.org\/dk\/wp-json\/wp\/v2\/pages"}],"about":[{"href":"https:\/\/www.tonlek.org\/dk\/wp-json\/wp\/v2\/types\/page"}],"author":[{"embeddable":true,"href":"https:\/\/www.tonlek.org\/dk\/wp-json\/wp\/v2\/users\/2"}],"replies":[{"embeddable":true,"href":"https:\/\/www.tonlek.org\/dk\/wp-json\/wp\/v2\/comments?post=29"}],"version-history":[{"count":22,"href":"https:\/\/www.tonlek.org\/dk\/wp-json\/wp\/v2\/pages\/29\/revisions"}],"predecessor-version":[{"id":608,"href":"https:\/\/www.tonlek.org\/dk\/wp-json\/wp\/v2\/pages\/29\/revisions\/608"}],"up":[{"embeddable":true,"href":"https:\/\/www.tonlek.org\/dk\/wp-json\/wp\/v2\/pages\/16"}],"wp:attachment":[{"href":"https:\/\/www.tonlek.org\/dk\/wp-json\/wp\/v2\/media?parent=29"}],"curies":[{"name":"wp","href":"https:\/\/api.w.org\/{rel}","templated":true}]}}