{"id":26,"date":"2023-02-08T20:59:00","date_gmt":"2023-02-08T19:59:00","guid":{"rendered":"https:\/\/tonlek.dev.rumforum.se\/dk\/?page_id=26"},"modified":"2024-12-03T20:58:25","modified_gmt":"2024-12-03T19:58:25","slug":"tonlektinget","status":"publish","type":"page","link":"https:\/\/www.tonlek.org\/dk\/om-tonlek\/tonlektinget\/","title":{"rendered":"T\u00f3nlektinget"},"content":{"rendered":"\n<p>Har du lyst til at have medindflydelse p\u00e5 kurset? Meld dig til T\u00f3nlektinget n\u00e5r du melder dig til kurset.<\/p>\n\n\n\n<p>Her vil du f\u00e5 mulighed for at v\u00e6re med til at foresl\u00e5 repertoire til orkestrene, foresl\u00e5 aktiviteter uden for det fastlagte program, foresl\u00e5 og tage medansvar for folkemusikaftner samt Crazy Night.<\/p>\n\n\n\n<p>Du vil ogs\u00e5 kunne hj\u00e6lpe med at udbrede viden om T\u00f3nlek og v\u00e6re med til at p\u00e5virke vores markedsf\u00f8ring. I det hele taget vil vi gerne h\u00f8re alle dine ideer.<\/p>\n\n\n\n<p>T\u00f3nlek tinget vil via email v\u00e6re elevernes stemme inden kurset.<\/p>\n\n\n\n<div style=\"height:27px\" aria-hidden=\"true\" class=\"wp-block-spacer\"><\/div>\n\n\n\n<div class=\"wp-block-columns is-layout-flex wp-container-core-columns-is-layout-9d6595d7 wp-block-columns-is-layout-flex\">\n<div class=\"wp-block-column is-layout-flow wp-block-column-is-layout-flow\">\n<figure class=\"wp-block-image size-large\"><a href=\"https:\/\/www.tonlek.org\/dk\/om-tonlek\/\"><img loading=\"lazy\" decoding=\"async\" width=\"1024\" height=\"683\" src=\"https:\/\/www.tonlek.org\/dk\/wp-content\/uploads\/sites\/7\/2023\/03\/A718DDFC-26B3-46BB-95F8-BEEE183DA650-1024x683.jpeg\" alt=\"\" class=\"wp-image-56\" srcset=\"https:\/\/www.tonlek.org\/dk\/wp-content\/uploads\/sites\/7\/2023\/03\/A718DDFC-26B3-46BB-95F8-BEEE183DA650-1024x683.jpeg 1024w, https:\/\/www.tonlek.org\/dk\/wp-content\/uploads\/sites\/7\/2023\/03\/A718DDFC-26B3-46BB-95F8-BEEE183DA650-300x200.jpeg 300w, https:\/\/www.tonlek.org\/dk\/wp-content\/uploads\/sites\/7\/2023\/03\/A718DDFC-26B3-46BB-95F8-BEEE183DA650-768x512.jpeg 768w, https:\/\/www.tonlek.org\/dk\/wp-content\/uploads\/sites\/7\/2023\/03\/A718DDFC-26B3-46BB-95F8-BEEE183DA650-1536x1024.jpeg 1536w, https:\/\/www.tonlek.org\/dk\/wp-content\/uploads\/sites\/7\/2023\/03\/A718DDFC-26B3-46BB-95F8-BEEE183DA650-2048x1365.jpeg 2048w, https:\/\/www.tonlek.org\/dk\/wp-content\/uploads\/sites\/7\/2023\/03\/A718DDFC-26B3-46BB-95F8-BEEE183DA650-930x620.jpeg 930w\" sizes=\"auto, (max-width: 1024px) 100vw, 1024px\" \/><\/a><\/figure>\n\n\n\n<div style=\"height:15px\" aria-hidden=\"true\" class=\"wp-block-spacer\"><\/div>\n\n\n\n<h4 class=\"wp-block-heading has-text-align-center\"><a href=\"https:\/\/www.tonlek.org\/dk\/om-tonlek\/\">Om T\u00f3nlek<\/a><\/h4>\n\n\n\n<p>T\u00f3nlek er et m\u00f8dested for unge strygere fra hele Norden, for musikere, p\u00e6dagoger og musikorganisationer.<\/p>\n<\/div>\n\n\n\n<div class=\"wp-block-column is-layout-flow wp-block-column-is-layout-flow\">\n<figure class=\"wp-block-image size-large\"><a href=\"https:\/\/www.tonlek.org\/dk\/historien-bakom-tonlek\/\"><img loading=\"lazy\" decoding=\"async\" width=\"1024\" height=\"683\" src=\"https:\/\/www.tonlek.org\/dk\/wp-content\/uploads\/sites\/7\/2023\/03\/632346A9-4E6D-420E-B70D-C88BF370977D-1024x683.jpeg\" alt=\"\" class=\"wp-image-64\" srcset=\"https:\/\/www.tonlek.org\/dk\/wp-content\/uploads\/sites\/7\/2023\/03\/632346A9-4E6D-420E-B70D-C88BF370977D-1024x683.jpeg 1024w, https:\/\/www.tonlek.org\/dk\/wp-content\/uploads\/sites\/7\/2023\/03\/632346A9-4E6D-420E-B70D-C88BF370977D-300x200.jpeg 300w, https:\/\/www.tonlek.org\/dk\/wp-content\/uploads\/sites\/7\/2023\/03\/632346A9-4E6D-420E-B70D-C88BF370977D-768x512.jpeg 768w, https:\/\/www.tonlek.org\/dk\/wp-content\/uploads\/sites\/7\/2023\/03\/632346A9-4E6D-420E-B70D-C88BF370977D-1536x1024.jpeg 1536w, https:\/\/www.tonlek.org\/dk\/wp-content\/uploads\/sites\/7\/2023\/03\/632346A9-4E6D-420E-B70D-C88BF370977D-2048x1366.jpeg 2048w, https:\/\/www.tonlek.org\/dk\/wp-content\/uploads\/sites\/7\/2023\/03\/632346A9-4E6D-420E-B70D-C88BF370977D-930x620.jpeg 930w\" sizes=\"auto, (max-width: 1024px) 100vw, 1024px\" \/><\/a><\/figure>\n\n\n\n<div style=\"height:14px\" aria-hidden=\"true\" class=\"wp-block-spacer\"><\/div>\n\n\n\n<h4 class=\"wp-block-heading has-text-align-center\"><a href=\"https:\/\/www.tonlek.org\/dk\/historien-bag-tonlek\/\">Historie<\/a><\/h4>\n\n\n\n<p>Ideen med T\u00f3nlek er at skabe et samarbejde mellem deltagerne fra de nordiske lande med musik som et f\u00e6lles sprog<\/p>\n<\/div>\n\n\n\n<div class=\"wp-block-column is-layout-flow wp-block-column-is-layout-flow\">\n<figure class=\"wp-block-image size-large\"><img loading=\"lazy\" decoding=\"async\" width=\"1024\" height=\"683\" src=\"https:\/\/www.tonlek.org\/dk\/wp-content\/uploads\/sites\/7\/2023\/03\/B1F64B0D-1902-4B30-B91F-39147CB15AC2-1024x683.jpeg\" alt=\"\" class=\"wp-image-58\" srcset=\"https:\/\/www.tonlek.org\/dk\/wp-content\/uploads\/sites\/7\/2023\/03\/B1F64B0D-1902-4B30-B91F-39147CB15AC2-1024x683.jpeg 1024w, https:\/\/www.tonlek.org\/dk\/wp-content\/uploads\/sites\/7\/2023\/03\/B1F64B0D-1902-4B30-B91F-39147CB15AC2-300x200.jpeg 300w, https:\/\/www.tonlek.org\/dk\/wp-content\/uploads\/sites\/7\/2023\/03\/B1F64B0D-1902-4B30-B91F-39147CB15AC2-768x512.jpeg 768w, https:\/\/www.tonlek.org\/dk\/wp-content\/uploads\/sites\/7\/2023\/03\/B1F64B0D-1902-4B30-B91F-39147CB15AC2-1536x1024.jpeg 1536w, https:\/\/www.tonlek.org\/dk\/wp-content\/uploads\/sites\/7\/2023\/03\/B1F64B0D-1902-4B30-B91F-39147CB15AC2-2048x1366.jpeg 2048w, https:\/\/www.tonlek.org\/dk\/wp-content\/uploads\/sites\/7\/2023\/03\/B1F64B0D-1902-4B30-B91F-39147CB15AC2-930x620.jpeg 930w\" sizes=\"auto, (max-width: 1024px) 100vw, 1024px\" \/><\/figure>\n\n\n\n<div style=\"height:15px\" aria-hidden=\"true\" class=\"wp-block-spacer\"><\/div>\n\n\n\n<h4 class=\"wp-block-heading has-text-align-center\"><a href=\"https:\/\/www.tonlek.org\/dk\/vaerdigrundlag\/\">V\u00e6rdigrundlag<\/a><\/h4>\n\n\n\n<p>T\u00f3nlek st\u00e5r for en b\u00e6redygtig udvikling i Norden, for lighed og ligestilling samt for b\u00f8rn og unges ret til at blive h\u00f8rt, og f\u00e5 indflydelse p\u00e5 egen situation.<\/p>\n<\/div>\n<\/div>\n\n\n\n<div style=\"height:38px\" aria-hidden=\"true\" class=\"wp-block-spacer\"><\/div>\n","protected":false},"excerpt":{"rendered":"<p>Har du lyst til at have medindflydelse p\u00e5 kurset? Meld dig til T\u00f3nlektinget n\u00e5r du melder dig til kurset. Her vil du f\u00e5 mulighed for at v\u00e6re med til at foresl\u00e5 repertoire til orkestrene, foresl\u00e5 aktiviteter uden for det fastlagte program, foresl\u00e5 og tage medansvar for folkemusikaftner samt Crazy Night. Du vil ogs\u00e5 kunne hj\u00e6lpe&hellip;&nbsp;<a href=\"https:\/\/www.tonlek.org\/dk\/om-tonlek\/tonlektinget\/\" rel=\"bookmark\"><span class=\"screen-reader-text\">T\u00f3nlektinget<\/span><\/a><\/p>\n","protected":false},"author":2,"featured_media":0,"parent":16,"menu_order":0,"comment_status":"closed","ping_status":"closed","template":"","meta":{"inline_featured_image":false,"neve_meta_sidebar":"","neve_meta_container":"","neve_meta_enable_content_width":"","neve_meta_content_width":0,"neve_meta_title_alignment":"","neve_meta_author_avatar":"","neve_post_elements_order":"","neve_meta_disable_header":"","neve_meta_disable_footer":"on","neve_meta_disable_title":"","footnotes":""},"class_list":["post-26","page","type-page","status-publish","hentry"],"_links":{"self":[{"href":"https:\/\/www.tonlek.org\/dk\/wp-json\/wp\/v2\/pages\/26","targetHints":{"allow":["GET"]}}],"collection":[{"href":"https:\/\/www.tonlek.org\/dk\/wp-json\/wp\/v2\/pages"}],"about":[{"href":"https:\/\/www.tonlek.org\/dk\/wp-json\/wp\/v2\/types\/page"}],"author":[{"embeddable":true,"href":"https:\/\/www.tonlek.org\/dk\/wp-json\/wp\/v2\/users\/2"}],"replies":[{"embeddable":true,"href":"https:\/\/www.tonlek.org\/dk\/wp-json\/wp\/v2\/comments?post=26"}],"version-history":[{"count":16,"href":"https:\/\/www.tonlek.org\/dk\/wp-json\/wp\/v2\/pages\/26\/revisions"}],"predecessor-version":[{"id":610,"href":"https:\/\/www.tonlek.org\/dk\/wp-json\/wp\/v2\/pages\/26\/revisions\/610"}],"up":[{"embeddable":true,"href":"https:\/\/www.tonlek.org\/dk\/wp-json\/wp\/v2\/pages\/16"}],"wp:attachment":[{"href":"https:\/\/www.tonlek.org\/dk\/wp-json\/wp\/v2\/media?parent=26"}],"curies":[{"name":"wp","href":"https:\/\/api.w.org\/{rel}","templated":true}]}}