{"id":137,"date":"2023-03-24T10:27:05","date_gmt":"2023-03-24T09:27:05","guid":{"rendered":"https:\/\/tonlek.dev.rumforum.se\/dk\/?page_id=137"},"modified":"2025-12-14T21:32:13","modified_gmt":"2025-12-14T20:32:13","slug":"repertoire-og-noder","status":"publish","type":"page","link":"https:\/\/www.tonlek.org\/dk\/tonlek\/repertoire-og-noder\/","title":{"rendered":"Repertoire og noder"},"content":{"rendered":"\n<p>For at man kan finde ud af hvilket orkester man passer bedst i, og gl\u00e6de sig, pr\u00e6senterer vi her den musik, vi skal spille p\u00e5 T\u00f3nlek 2026. Der er links til video under hver titel, s\u00e5 man kan lytte til musikken. Det er ikke sikkert, at vi spiller alle satser af hvert v\u00e6rk og flere mindre v\u00e6rker vil m\u00e5ske blive tilf\u00f8jet.&nbsp;\u00c6ndringer kan forekomme, da vi tilpasser repertoiret til de unge musikere som tilmelder sig kurset.<\/p>\n\n\n\n<p>For at du kan blive placeret i det rigtige orkester, skal du i forbindelse med tilmelding sende en video p\u00e5 ca 1 minut hvor du spiller. Du kan optage videoen med din telefon. Den skal sendes til&nbsp;<a href=\"mailto:info@tonlek.org\">info@tonlek.org<\/a>, og dit navn skal fremg\u00e5 tydeligt at titlen p\u00e5 videoen.&nbsp;<\/p>\n\n\n\n<p>Vil du v\u00e6re med til at v\u00e6lge det endelig repertoire ? Meld dig til <em><a href=\"https:\/\/www.tonlek.org\/dk\/tonlektinget\/\">T\u00f3nlektinget<\/a><\/em>.<\/p>\n\n\n\n<div class=\"wp-block-columns is-layout-flex wp-container-core-columns-is-layout-9d6595d7 wp-block-columns-is-layout-flex\">\n<div class=\"wp-block-column is-layout-flow wp-block-column-is-layout-flow\">\n<h4 class=\"wp-block-heading\"><strong>Juniororkester<\/strong><\/h4>\n\n\n\n<p>Stykker for de yngste deltagere:<\/p>\n\n\n\n<p><strong>Telemann: \u201cSinfonia I a mol\u201d<\/strong><br><a href=\"https:\/\/www.youtube.com\/watch?v=G_55dAQvOjE&amp;ab_channel=KjosMusicPublishing\" target=\"_blank\" rel=\"noreferrer noopener\">Lyd Telemann: \u201cSinfonia I a mol\u201d<\/a><\/p>\n\n\n\n<p><strong>Sibelius: \u201cFinlandia\u201d, <strong>arrangeret for strygere<\/strong><\/strong><br><a href=\"https:\/\/youtu.be\/fE0RbPsC9uE?si=CPwHJ160ifXyychq\" target=\"_blank\" rel=\"noreferrer noopener\">Her kan man h\u00f8re Finlandia med fuldt orkester og kor. Vi n\u00f8jes dog med strygere p\u00e5 T\u00f3nlek.<\/a><\/p>\n<\/div>\n\n\n\n<div class=\"wp-block-column is-layout-flow wp-block-column-is-layout-flow\">\n<h4 class=\"wp-block-heading\"><strong>Camerata<\/strong><\/h4>\n\n\n\n<p>Stykker til Camerata, T\u00f3nleks st\u00f8rste orkester: <\/p>\n\n\n\n<p><strong>Peter Warlock: Capriol Suite<\/strong>\u201d<br><a href=\"https:\/\/www.youtube.com\/watch?v=OdibDKnp7Mc\" target=\"_blank\" rel=\"noreferrer noopener\">Lyd Peter Warlock: Capriol Suite<\/a><\/p>\n\n\n\n<p><strong>Sibelius: \u201cFinlandia\u201d, <strong>arrangeret for strygere<\/strong><\/strong><br><a href=\"https:\/\/youtu.be\/fE0RbPsC9uE?si=CPwHJ160ifXyychq\" target=\"_blank\" rel=\"noreferrer noopener\">Her kan man h\u00f8re Finlandia med fuldt orkester og kor. Vi n\u00f8jes dog med strygere p\u00e5 T\u00f3nlek.<\/a><\/p>\n<\/div>\n\n\n\n<div class=\"wp-block-column is-layout-flow wp-block-column-is-layout-flow\">\n<h4 class=\"wp-block-heading\"><strong>Seniororkester<\/strong><\/h4>\n\n\n\n<p>Stykker til de mest avancerede som spiller sammen i Seniororkestret.:<\/p>\n\n\n\n<p><strong>Dmitri Sjostakovitj: Kammersymfonie, opus 110<\/strong><br><a href=\"https:\/\/www.youtube.com\/watch?v=KFb81Ug_I70\" target=\"_blank\" rel=\"noreferrer noopener\">Lyd Dmitri Sjostakovitj: Kammersymfonie, opus 110<\/a><\/p>\n\n\n\n<p><strong>Aleksandr Scriabin: Andante for strygeorkester<\/strong><br><a href=\"https:\/\/www.youtube.com\/watch?v=L8pxDG7o_rk\" target=\"_blank\" rel=\"noreferrer noopener\">Lyd Aleksandr Scriabin: Andante for strygeorkester<\/a><\/p>\n\n\n\n<p><strong>Sibelius: \u201cFinlandia\u201d, <strong>arrangeret for strygere<\/strong><\/strong><br><a href=\"https:\/\/youtu.be\/fE0RbPsC9uE?si=CPwHJ160ifXyychq\" target=\"_blank\" rel=\"noreferrer noopener\">Her kan man h\u00f8re Finlandia med fuldt orkester og kor. Vi n\u00f8jes dog med strygere p\u00e5 T\u00f3nlek.<\/a><\/p>\n<\/div>\n<\/div>\n\n\n\n<div style=\"height:40px\" aria-hidden=\"true\" class=\"wp-block-spacer\"><\/div>\n\n\n\n<div class=\"wp-block-columns is-layout-flex wp-container-core-columns-is-layout-9d6595d7 wp-block-columns-is-layout-flex\">\n<div class=\"wp-block-column is-layout-flow wp-block-column-is-layout-flow\"><div class=\"wp-block-image\">\n<figure class=\"aligncenter size-large\"><img loading=\"lazy\" decoding=\"async\" width=\"1024\" height=\"683\" src=\"https:\/\/www.tonlek.org\/dk\/wp-content\/uploads\/sites\/7\/2023\/03\/68D68879-8871-4259-8442-2EA35FF5999C-1024x683.jpeg\" alt=\"\" class=\"wp-image-51\" srcset=\"https:\/\/www.tonlek.org\/dk\/wp-content\/uploads\/sites\/7\/2023\/03\/68D68879-8871-4259-8442-2EA35FF5999C-1024x683.jpeg 1024w, https:\/\/www.tonlek.org\/dk\/wp-content\/uploads\/sites\/7\/2023\/03\/68D68879-8871-4259-8442-2EA35FF5999C-300x200.jpeg 300w, https:\/\/www.tonlek.org\/dk\/wp-content\/uploads\/sites\/7\/2023\/03\/68D68879-8871-4259-8442-2EA35FF5999C-768x512.jpeg 768w, https:\/\/www.tonlek.org\/dk\/wp-content\/uploads\/sites\/7\/2023\/03\/68D68879-8871-4259-8442-2EA35FF5999C-1536x1024.jpeg 1536w, https:\/\/www.tonlek.org\/dk\/wp-content\/uploads\/sites\/7\/2023\/03\/68D68879-8871-4259-8442-2EA35FF5999C-2048x1366.jpeg 2048w, https:\/\/www.tonlek.org\/dk\/wp-content\/uploads\/sites\/7\/2023\/03\/68D68879-8871-4259-8442-2EA35FF5999C-930x620.jpeg 930w\" sizes=\"auto, (max-width: 1024px) 100vw, 1024px\" \/><\/figure>\n<\/div>\n\n\n<div style=\"height:15px\" aria-hidden=\"true\" class=\"wp-block-spacer\"><\/div>\n\n\n\n<h4 class=\"wp-block-heading has-text-align-center\"><a href=\"https:\/\/www.tonlek.org\/dk\/tonlek\/\">T\u00f3nlek 2026<\/a><\/h4>\n\n\n\n<p>Repertoiret for alle orkestrene begynder at tage form. Alt er klar til et fantastisk kursus!<\/p>\n<\/div>\n\n\n\n<div class=\"wp-block-column is-layout-flow wp-block-column-is-layout-flow\"><div class=\"wp-block-image\">\n<figure class=\"aligncenter size-large\"><img loading=\"lazy\" decoding=\"async\" width=\"1024\" height=\"683\" src=\"https:\/\/www.tonlek.org\/dk\/wp-content\/uploads\/sites\/7\/2023\/03\/FC63F800-8B1E-41D1-A848-4D9A83598F4B-1024x683.jpeg\" alt=\"\" class=\"wp-image-43\" srcset=\"https:\/\/www.tonlek.org\/dk\/wp-content\/uploads\/sites\/7\/2023\/03\/FC63F800-8B1E-41D1-A848-4D9A83598F4B-1024x683.jpeg 1024w, https:\/\/www.tonlek.org\/dk\/wp-content\/uploads\/sites\/7\/2023\/03\/FC63F800-8B1E-41D1-A848-4D9A83598F4B-300x200.jpeg 300w, https:\/\/www.tonlek.org\/dk\/wp-content\/uploads\/sites\/7\/2023\/03\/FC63F800-8B1E-41D1-A848-4D9A83598F4B-768x512.jpeg 768w, https:\/\/www.tonlek.org\/dk\/wp-content\/uploads\/sites\/7\/2023\/03\/FC63F800-8B1E-41D1-A848-4D9A83598F4B-1536x1024.jpeg 1536w, https:\/\/www.tonlek.org\/dk\/wp-content\/uploads\/sites\/7\/2023\/03\/FC63F800-8B1E-41D1-A848-4D9A83598F4B-2048x1366.jpeg 2048w, https:\/\/www.tonlek.org\/dk\/wp-content\/uploads\/sites\/7\/2023\/03\/FC63F800-8B1E-41D1-A848-4D9A83598F4B-930x620.jpeg 930w\" sizes=\"auto, (max-width: 1024px) 100vw, 1024px\" \/><\/figure>\n<\/div>\n\n\n<div style=\"height:15px\" aria-hidden=\"true\" class=\"wp-block-spacer\"><\/div>\n\n\n\n<h4 class=\"wp-block-heading has-text-align-center\"><a href=\"https:\/\/www.tonlek.org\/dk\/dirigent-og-laerere\/\">Dirigent og l\u00e6rere<\/a><\/h4>\n\n\n\n<p>Herunder kan du l\u00e6se mere om vores dirigent og alle l\u00e6rere p\u00e5 Tonlek.<\/p>\n<\/div>\n\n\n\n<div class=\"wp-block-column is-layout-flow wp-block-column-is-layout-flow\"><div class=\"wp-block-image\">\n<figure class=\"aligncenter size-large\"><img loading=\"lazy\" decoding=\"async\" width=\"1024\" height=\"683\" src=\"https:\/\/www.tonlek.org\/dk\/wp-content\/uploads\/sites\/7\/2023\/03\/D43B6977-344D-4320-90E1-2394559F0239-1024x683.jpeg\" alt=\"\" class=\"wp-image-62\" srcset=\"https:\/\/www.tonlek.org\/dk\/wp-content\/uploads\/sites\/7\/2023\/03\/D43B6977-344D-4320-90E1-2394559F0239-1024x683.jpeg 1024w, https:\/\/www.tonlek.org\/dk\/wp-content\/uploads\/sites\/7\/2023\/03\/D43B6977-344D-4320-90E1-2394559F0239-300x200.jpeg 300w, https:\/\/www.tonlek.org\/dk\/wp-content\/uploads\/sites\/7\/2023\/03\/D43B6977-344D-4320-90E1-2394559F0239-768x512.jpeg 768w, https:\/\/www.tonlek.org\/dk\/wp-content\/uploads\/sites\/7\/2023\/03\/D43B6977-344D-4320-90E1-2394559F0239-1536x1024.jpeg 1536w, https:\/\/www.tonlek.org\/dk\/wp-content\/uploads\/sites\/7\/2023\/03\/D43B6977-344D-4320-90E1-2394559F0239-2048x1366.jpeg 2048w, https:\/\/www.tonlek.org\/dk\/wp-content\/uploads\/sites\/7\/2023\/03\/D43B6977-344D-4320-90E1-2394559F0239-930x620.jpeg 930w\" sizes=\"auto, (max-width: 1024px) 100vw, 1024px\" \/><\/figure>\n<\/div>\n\n\n<div style=\"height:15px\" aria-hidden=\"true\" class=\"wp-block-spacer\"><\/div>\n\n\n\n<h4 class=\"wp-block-heading has-text-align-center\"><a href=\"https:\/\/www.tonlek.org\/dk\/praktiske-oplysninger\/\">Praktiske oplysninger<\/a><\/h4>\n\n\n\n<p>Alt om det praktiske, tilmelding, sted, tid, kost og logi samt pris.<\/p>\n<\/div>\n<\/div>\n\n\n\n<p><\/p>\n\n\n\n<div style=\"height:34px\" aria-hidden=\"true\" class=\"wp-block-spacer\"><\/div>\n","protected":false},"excerpt":{"rendered":"<p>For at man kan finde ud af hvilket orkester man passer bedst i, og gl\u00e6de sig, pr\u00e6senterer vi her den musik, vi skal spille p\u00e5 T\u00f3nlek 2026. Der er links til video under hver titel, s\u00e5 man kan lytte til musikken. Det er ikke sikkert, at vi spiller alle satser af hvert v\u00e6rk og flere&hellip;&nbsp;<a href=\"https:\/\/www.tonlek.org\/dk\/tonlek\/repertoire-og-noder\/\" rel=\"bookmark\"><span class=\"screen-reader-text\">Repertoire og noder<\/span><\/a><\/p>\n","protected":false},"author":4,"featured_media":0,"parent":89,"menu_order":0,"comment_status":"closed","ping_status":"closed","template":"","meta":{"inline_featured_image":false,"neve_meta_sidebar":"","neve_meta_container":"","neve_meta_enable_content_width":"","neve_meta_content_width":0,"neve_meta_title_alignment":"","neve_meta_author_avatar":"","neve_post_elements_order":"","neve_meta_disable_header":"","neve_meta_disable_footer":"","neve_meta_disable_title":"","footnotes":""},"class_list":["post-137","page","type-page","status-publish","hentry"],"_links":{"self":[{"href":"https:\/\/www.tonlek.org\/dk\/wp-json\/wp\/v2\/pages\/137","targetHints":{"allow":["GET"]}}],"collection":[{"href":"https:\/\/www.tonlek.org\/dk\/wp-json\/wp\/v2\/pages"}],"about":[{"href":"https:\/\/www.tonlek.org\/dk\/wp-json\/wp\/v2\/types\/page"}],"author":[{"embeddable":true,"href":"https:\/\/www.tonlek.org\/dk\/wp-json\/wp\/v2\/users\/4"}],"replies":[{"embeddable":true,"href":"https:\/\/www.tonlek.org\/dk\/wp-json\/wp\/v2\/comments?post=137"}],"version-history":[{"count":51,"href":"https:\/\/www.tonlek.org\/dk\/wp-json\/wp\/v2\/pages\/137\/revisions"}],"predecessor-version":[{"id":880,"href":"https:\/\/www.tonlek.org\/dk\/wp-json\/wp\/v2\/pages\/137\/revisions\/880"}],"up":[{"embeddable":true,"href":"https:\/\/www.tonlek.org\/dk\/wp-json\/wp\/v2\/pages\/89"}],"wp:attachment":[{"href":"https:\/\/www.tonlek.org\/dk\/wp-json\/wp\/v2\/media?parent=137"}],"curies":[{"name":"wp","href":"https:\/\/api.w.org\/{rel}","templated":true}]}}